{"id":11,"date":"2023-05-04T12:18:53","date_gmt":"2023-05-04T10:18:53","guid":{"rendered":"http:\/\/www.lgddobregminy.pl\/?page_id=11"},"modified":"2026-02-17T11:40:56","modified_gmt":"2026-02-17T09:40:56","slug":"strona-glowna","status":"publish","type":"page","link":"https:\/\/www.lgddobregminy.pl\/","title":{"rendered":"Strona g\u0142\u00f3wna"},"content":{"rendered":"<div class=\"wp-block-image\">\n<figure class=\"aligncenter size-large is-resized\"><img fetchpriority=\"high\" decoding=\"async\" width=\"1024\" height=\"107\" src=\"https:\/\/www.lgddobregminy.pl\/wp-content\/uploads\/2024\/12\/logotypy-z-kreska.jpg\" alt=\"\" class=\"wp-image-348\" style=\"width:700px;height:auto\" srcset=\"https:\/\/www.lgddobregminy.pl\/wp-content\/uploads\/2024\/12\/logotypy-z-kreska.jpg 1024w, https:\/\/www.lgddobregminy.pl\/wp-content\/uploads\/2024\/12\/logotypy-z-kreska-300x31.jpg 300w, https:\/\/www.lgddobregminy.pl\/wp-content\/uploads\/2024\/12\/logotypy-z-kreska-768x80.jpg 768w, https:\/\/www.lgddobregminy.pl\/wp-content\/uploads\/2024\/12\/logotypy-z-kreska-150x16.jpg 150w\" sizes=\"(max-width: 1024px) 100vw, 1024px\" \/><\/figure><\/div>\n\n\n<p class=\"has-text-align-center has-small-font-size\"><em>Operacja maj\u0105ca na celu sprawne wdra\u017canie Strategii Rozwoju Lokalnego kierowanego przez spo\u0142eczno\u015b\u0107 na lata 2023 &#8211; 2027 (LSR) finansowana jest ze \u015brodk\u00f3w Unii Europejskiej w ramach program\u00f3w: Planu Strategicznego dla Wsp\u00f3lnej Polityki Rolnej na lata 2023 &#8211; 2027 (PS WPR) oraz programu Fundusze Europejskie dla Pomorza Zachodniego 2021 &#8211; 2027, ze \u015brodk\u00f3w funduszy: Europejskiego Funduszu Rolnego na rzecz Rozwoju Obszar\u00f3w Wiejskich (EFRROW) oraz Europejskiego Funduszu Spo\u0142ecznego Plus (EFS+). Przewidywane wyniki operacji: realizacja LSR Stowarzyszenia Lokalna Grupa Dzia\u0142ania Dobre Gminy.<\/em><\/p>\n\n\n\n<hr class=\"wp-block-separator has-text-color has-vivid-cyan-blue-color has-alpha-channel-opacity has-vivid-cyan-blue-background-color has-background is-style-wide\"\/>\n\n\n\n<div class=\"wp-block-columns is-layout-flex wp-container-core-columns-is-layout-9d6595d7 wp-block-columns-is-layout-flex\">\n<div class=\"wp-block-column has-white-background-color has-background has-small-font-size is-layout-flow wp-block-column-is-layout-flow\" style=\"font-style:normal;font-weight:500\">\n<h2 class=\"wp-block-heading has-background has-medium-font-size\" style=\"background-color:#8dd2fccc;font-style:normal;font-weight:100\">Nabory wniosk\u00f3w<\/h2>\n\n\n\n<hr class=\"wp-block-separator has-text-color has-vivid-cyan-blue-color has-alpha-channel-opacity has-vivid-cyan-blue-background-color has-background is-style-wide\"\/>\n\n\n\n<p class=\"has-text-align-left\" style=\"font-size:18px\"><a href=\"http:\/\/www.lgddobregminy.pl\/index.php\/2023\/05\/04\/informacja-do-osob-ktore-chca-otrzymac-dofinansowanie-w-ramach-prow-2023-2027\/\"><strong>Informacja na temat nabor\u00f3w<\/strong><\/a><\/p>\n\n\n\n<p style=\"font-size:18px\"><a href=\"https:\/\/www.lgddobregminy.pl\/index.php\/rozwoj-infrastruktury-turystycznej-i-rekreacyjnej\/\">Rozw\u00f3j infrastruktury turystycznej i rekreacyjnej<\/a><\/p>\n\n\n\n<p style=\"font-size:18px\"><a href=\"https:\/\/www.lgddobregminy.pl\/index.php\/ochrona-dziedzictwa-kulturowego-i-przyrodniczego\/\">Ochrona dziedzictwa<\/a><\/p>\n\n\n\n<p style=\"font-size:18px\"><a href=\"https:\/\/www.lgddobregminy.pl\/index.php\/przestrzenie-sprzyjajace-wlaczeniu-spolecznemu\/\">Przestrzenie sprzyjaj\u0105ce w\u0142\u0105czeniu spo\u0142ecznemu<\/a><\/p>\n\n\n\n<p style=\"font-size:18px\"><a href=\"https:\/\/www.lgddobregminy.pl\/index.php\/podejmowanie-dzialalnosci-gospodarczej\/\">Podejmowanie dzia\u0142alno\u015bci gospodarczej<\/a><\/p>\n\n\n\n<p style=\"font-size:18px\"><a href=\"https:\/\/www.lgddobregminy.pl\/index.php\/rozwoj-dzialalnosci-gospodarczej\/\">Rozw\u00f3j przedsi\u0119biorczo\u015bci<\/a><\/p>\n\n\n\n<p style=\"font-size:18px\"><a href=\"https:\/\/www.lgddobregminy.pl\/index.php\/2025\/07\/25\/poradnik-dla-wnioskodawcy\/\">Poradnik dla wnioskodawcy<\/a><\/p>\n\n\n\n<p style=\"font-size:18px\"><a href=\"https:\/\/www.lgddobregminy.pl\/index.php\/2024\/12\/09\/dofinansowanie-z-lgd-dobre-gminy\/\"><strong>Nadanie numeru EP<\/strong><\/a><\/p>\n\n\n\n<p style=\"font-size:18px\"><a href=\"https:\/\/www.lgddobregminy.pl\/index.php\/2024\/12\/09\/instrukcje-systemowe-arimr\/\">Instrukcje ARiMR<\/a><\/p>\n\n\n\n<p style=\"font-size:18px\"><a href=\"https:\/\/forms.gle\/Vpwh8qgQPngh57DE7\"><strong>Ankieta monitoruj\u0105ca jako\u015b\u0107 udzielonego doradztwa<\/strong><\/a><\/p>\n\n\n\n<p style=\"font-size:18px\"><a href=\"http:\/\/www.lgddobregminy.pl\/wp-content\/uploads\/2025\/04\/ankieta-monitorujaca-realizacje-LSR.pdf\">Ankieta monitoruj\u0105ca realizacj\u0119 LSR<\/a><\/p>\n<\/div>\n\n\n\n<div class=\"wp-block-column has-white-background-color has-background has-small-font-size is-layout-flow wp-block-column-is-layout-flow\" style=\"font-style:normal;font-weight:500\">\n<h2 class=\"wp-block-heading has-background has-medium-font-size\" style=\"background-color:#8dd2fccc;font-style:normal;font-weight:100\">PS WPR 2023-2027<\/h2>\n\n\n\n<hr class=\"wp-block-separator has-text-color has-vivid-cyan-blue-color has-alpha-channel-opacity has-vivid-cyan-blue-background-color has-background is-style-wide\"\/>\n\n\n\n<p style=\"font-size:18px\"><a href=\"https:\/\/www.lgddobregminy.pl\/index.php\/umowa-ramowa-wraz-z-aneksami\/\" target=\"_blank\" rel=\"noreferrer noopener\">Umowa ramowa<\/a><\/p>\n\n\n\n<p style=\"font-size:18px\"><strong><a href=\"https:\/\/www.lgddobregminy.pl\/index.php\/harmonogram-naborow-wnioskow-2\/\">Harmonogram nabor\u00f3w wniosk\u00f3w<\/a><\/strong><\/p>\n\n\n\n<p style=\"font-size:18px\"><a href=\"https:\/\/www.lgddobregminy.pl\/index.php\/lokalne-kryteria-wyboru\/\"><strong>Lokalne kryteria wyboru<\/strong><\/a><\/p>\n\n\n\n<p style=\"font-size:18px\"><a href=\"https:\/\/www.lgddobregminy.pl\/index.php\/wytyczne-ps-wpr\/\">Wytyczne<\/a><\/p>\n\n\n\n<p style=\"font-size:18px\"><strong><a href=\"https:\/\/www.lgddobregminy.pl\/index.php\/plan-komunikacji\/\">Plan komunikacji<\/a><\/strong><\/p>\n\n\n\n<p style=\"font-size:18px\"><a href=\"https:\/\/www.lgddobregminy.pl\/index.php\/monitoring-i-ewaluacja\/\">Monitoring i ewaluacja<\/a><\/p>\n\n\n\n<p style=\"font-size:18px\"><a href=\"https:\/\/www.lgddobregminy.pl\/index.php\/lokalna-strategia-rozwoju-na-lata-2023-2027\/\">Lokalna Strategia Rozwoju na lata 2023 &#8211; 2027<\/a><\/p>\n\n\n\n<h2 class=\"wp-block-heading\" style=\"font-size:18px\"><strong><a href=\"http:\/\/www.lgddobregminy.pl\/wp-content\/uploads\/2025\/12\/regulamin-rady-05.09.2025.pdf\">Regulamin organu decyzyjnego<\/a><\/strong><\/h2>\n\n\n\n<p class=\"has-text-align-left\" style=\"font-size:18px\"><a href=\"http:\/\/www.lgddobregminy.pl\/index.php\/2023\/05\/04\/konkurs-na-wybor-lokalnej-grupy-dzialania-do-realizacji-lokalnej-strategii-rozwoju\/\">Informacja o konkursie na wyb\u00f3r Lokalnej Strategii Rozwoju na lata 2023 &#8211; 2027<\/a><\/p>\n\n\n\n<p style=\"font-size:18px\"><a href=\"https:\/\/forms.gle\/yofgtX4NBJnk2HSJ6\">Ankieta diagnozuj\u0105ca aktualne potrzeby obszaru LGD Dobre Gminy<\/a><\/p>\n<\/div>\n<\/div>\n\n\n\n<hr class=\"wp-block-separator has-text-color has-vivid-cyan-blue-color has-alpha-channel-opacity has-vivid-cyan-blue-background-color has-background is-style-wide\"\/>\n\n\n\n<div class=\"wp-block-columns is-layout-flex wp-container-core-columns-is-layout-9d6595d7 wp-block-columns-is-layout-flex\">\n<div class=\"wp-block-column is-layout-flow wp-block-column-is-layout-flow\">\n<h2 class=\"wp-block-heading has-pale-cyan-blue-background-color has-background has-medium-font-size\" style=\"font-style:normal;font-weight:100\">Aktualno\u015bci<\/h2>\n\n\n\n<hr class=\"wp-block-separator has-text-color has-vivid-cyan-blue-color has-alpha-channel-opacity has-vivid-cyan-blue-background-color has-background is-style-wide\"\/>\n\n\n<ul class=\"wp-block-latest-posts__list has-link-color wp-elements-12a7f5c617e15601f69245f33dac2976 wp-block-latest-posts has-text-color has-cyan-bluish-gray-color has-medium-font-size\"><li><a class=\"wp-block-latest-posts__post-title\" href=\"https:\/\/www.lgddobregminy.pl\/index.php\/2026\/03\/24\/zawiadomienie-o-posiedzeniu-rady-w-sprawie-oceny-formalno-merytorycznej-wnioskow\/\">Zawiadomienie o posiedzeniu Rady w sprawie oceny formalno-merytorycznej wniosk\u00f3w<\/a><\/li>\n<li><a class=\"wp-block-latest-posts__post-title\" href=\"https:\/\/www.lgddobregminy.pl\/index.php\/2026\/03\/16\/zaproszenie-na-posiedzenie-walnego-zebrania-czlonkow\/\">Zaproszenie na posiedzenie Walnego Zebrania Cz\u0142onk\u00f3w<\/a><\/li>\n<li><a class=\"wp-block-latest-posts__post-title\" href=\"https:\/\/www.lgddobregminy.pl\/index.php\/2026\/02\/23\/ogloszenie-o-naborze-wnioskow-o-przyznanie-pomocy-na-wdrazanie-lsr-1-2026-jst\/\">Og\u0142oszenie o naborze wniosk\u00f3w o przyznanie pomocy na Wdra\u017canie LSR 1\/2026\/JST<\/a><\/li>\n<li><a class=\"wp-block-latest-posts__post-title\" href=\"https:\/\/www.lgddobregminy.pl\/index.php\/2026\/01\/15\/informacja-o-sposobie-wykorzystania-srodkow-finansowych-w-zakresie-zarzadzania-lsr-w-2025-roku\/\">Informacja o sposobie wykorzystania \u015brodk\u00f3w finansowych w zakresie zarz\u0105dzania LSR w 2025 roku<\/a><\/li>\n<li><a class=\"wp-block-latest-posts__post-title\" href=\"https:\/\/www.lgddobregminy.pl\/index.php\/2025\/12\/10\/zawiadomienie-o-posiedzeniu-organu-decyzyjnego-rady\/\">Zawiadomienie o posiedzeniu Organu decyzyjnego (Rady)<\/a><\/li>\n<\/ul><\/div>\n\n\n\n<div class=\"wp-block-column is-layout-flow wp-block-column-is-layout-flow\">\n<h2 class=\"wp-block-heading has-background has-medium-font-size\" style=\"background-color:#8dd2fccc;font-style:normal;font-weight:200;text-transform:none\">Co zrobili\u015bmy<\/h2>\n\n\n\n<hr class=\"wp-block-separator has-text-color has-vivid-cyan-blue-color has-alpha-channel-opacity has-vivid-cyan-blue-background-color has-background is-style-wide\"\/>\n\n\n\n<p class=\"has-text-align-left has-medium-font-size\"><a href=\"https:\/\/www.lgddobregminy.pl\/index.php\/2024\/01\/30\/konkurs-dobre-smaki\/\">Dobre Smaki<\/a><\/p>\n\n\n\n<p class=\"has-text-align-left has-medium-font-size\">Place zabaw<\/p>\n\n\n\n<p class=\"has-text-align-left has-medium-font-size\">Punkt rowerowy<\/p>\n<\/div>\n<\/div>\n\n\n\n<hr class=\"wp-block-separator has-text-color has-vivid-cyan-blue-color has-alpha-channel-opacity has-vivid-cyan-blue-background-color has-background is-style-wide\"\/>\n\n\n\n<div class=\"wp-block-columns is-layout-flex wp-container-core-columns-is-layout-9d6595d7 wp-block-columns-is-layout-flex\">\n<div class=\"wp-block-column is-layout-flow wp-block-column-is-layout-flow\">\n<figure class=\"wp-block-image size-full\"><img decoding=\"async\" width=\"750\" height=\"500\" src=\"http:\/\/www.lgddobregminy.pl\/wp-content\/uploads\/2023\/05\/kolbaskowo-foto-1.jpg\" alt=\"\" class=\"wp-image-62\" srcset=\"https:\/\/www.lgddobregminy.pl\/wp-content\/uploads\/2023\/05\/kolbaskowo-foto-1.jpg 750w, https:\/\/www.lgddobregminy.pl\/wp-content\/uploads\/2023\/05\/kolbaskowo-foto-1-300x200.jpg 300w, https:\/\/www.lgddobregminy.pl\/wp-content\/uploads\/2023\/05\/kolbaskowo-foto-1-150x100.jpg 150w\" sizes=\"(max-width: 750px) 100vw, 750px\" \/><\/figure>\n<\/div>\n\n\n\n<div class=\"wp-block-column is-layout-flow wp-block-column-is-layout-flow\">\n<figure class=\"wp-block-image size-large\"><img decoding=\"async\" width=\"1024\" height=\"683\" src=\"http:\/\/www.lgddobregminy.pl\/wp-content\/uploads\/2023\/05\/elizabethbuk_03-1024x683.jpg\" alt=\"\" class=\"wp-image-92\" srcset=\"https:\/\/www.lgddobregminy.pl\/wp-content\/uploads\/2023\/05\/elizabethbuk_03-1024x683.jpg 1024w, https:\/\/www.lgddobregminy.pl\/wp-content\/uploads\/2023\/05\/elizabethbuk_03-300x200.jpg 300w, https:\/\/www.lgddobregminy.pl\/wp-content\/uploads\/2023\/05\/elizabethbuk_03-768x512.jpg 768w, https:\/\/www.lgddobregminy.pl\/wp-content\/uploads\/2023\/05\/elizabethbuk_03-150x100.jpg 150w, https:\/\/www.lgddobregminy.pl\/wp-content\/uploads\/2023\/05\/elizabethbuk_03.jpg 1200w\" sizes=\"(max-width: 1024px) 100vw, 1024px\" \/><\/figure>\n<\/div>\n\n\n\n<div class=\"wp-block-column is-layout-flow wp-block-column-is-layout-flow\">\n<figure class=\"wp-block-image size-large\"><img loading=\"lazy\" decoding=\"async\" width=\"1024\" height=\"682\" src=\"http:\/\/www.lgddobregminy.pl\/wp-content\/uploads\/2023\/05\/Palac_Stolec_HD11-1024x682.jpg\" alt=\"\" class=\"wp-image-96\" srcset=\"https:\/\/www.lgddobregminy.pl\/wp-content\/uploads\/2023\/05\/Palac_Stolec_HD11-1024x682.jpg 1024w, https:\/\/www.lgddobregminy.pl\/wp-content\/uploads\/2023\/05\/Palac_Stolec_HD11-300x200.jpg 300w, https:\/\/www.lgddobregminy.pl\/wp-content\/uploads\/2023\/05\/Palac_Stolec_HD11-768x512.jpg 768w, https:\/\/www.lgddobregminy.pl\/wp-content\/uploads\/2023\/05\/Palac_Stolec_HD11-1536x1023.jpg 1536w, https:\/\/www.lgddobregminy.pl\/wp-content\/uploads\/2023\/05\/Palac_Stolec_HD11-150x100.jpg 150w, https:\/\/www.lgddobregminy.pl\/wp-content\/uploads\/2023\/05\/Palac_Stolec_HD11.jpg 1800w\" sizes=\"(max-width: 1024px) 100vw, 1024px\" \/><\/figure>\n<\/div>\n<\/div>\n","protected":false},"excerpt":{"rendered":"<p>Operacja maj\u0105ca na celu sprawne wdra\u017canie Strategii Rozwoju Lokalnego kierowanego przez spo\u0142eczno\u015b\u0107 na lata 2023 &#8211; 2027 (LSR) finansowana jest ze \u015brodk\u00f3w Unii Europejskiej w ramach program\u00f3w: Planu Strategicznego dla Wsp\u00f3lnej Polityki Rolnej na lata 2023 &#8211; 2027 (PS WPR) oraz programu Fundusze Europejskie dla Pomorza Zachodniego 2021 &#8211; 2027,&#8230;<\/p>\n<p> <a class=\"continue-reading-link\" href=\"https:\/\/www.lgddobregminy.pl\/\"><span>Czytaj dalej<\/span><i class=\"crycon-right-dir\"><\/i><\/a> <\/p>\n","protected":false},"author":1,"featured_media":0,"parent":0,"menu_order":0,"comment_status":"closed","ping_status":"closed","template":"elementor_header_footer","meta":{"footnotes":""},"class_list":["post-11","page","type-page","status-publish","hentry"],"yoast_head":"<!-- This site is optimized with the Yoast SEO plugin v27.2 - https:\/\/yoast.com\/product\/yoast-seo-wordpress\/ -->\n<title>Strona g\u0142\u00f3wna - LGD Dobre Gminy<\/title>\n<meta name=\"description\" content=\"Stowarzyszenie Lokalna Grupa Dzia\u0142ania Dobre Gminy dzia\u0142a na obszarze Powiatu Polickiego realizuj\u0105c Lokaln\u0105 Strategi\u0119 Rozwoju.\" \/>\n<meta name=\"robots\" content=\"index, follow, max-snippet:-1, max-image-preview:large, max-video-preview:-1\" \/>\n<link rel=\"canonical\" href=\"https:\/\/www.lgddobregminy.pl\/\" \/>\n<meta property=\"og:locale\" content=\"pl_PL\" \/>\n<meta property=\"og:type\" content=\"article\" \/>\n<meta property=\"og:title\" content=\"Strona g\u0142\u00f3wna - LGD Dobre Gminy\" \/>\n<meta property=\"og:description\" content=\"Stowarzyszenie Lokalna Grupa Dzia\u0142ania Dobre Gminy dzia\u0142a na obszarze Powiatu Polickiego realizuj\u0105c Lokaln\u0105 Strategi\u0119 Rozwoju.\" \/>\n<meta property=\"og:url\" content=\"https:\/\/www.lgddobregminy.pl\/\" \/>\n<meta property=\"og:site_name\" content=\"LGD Dobre Gminy\" \/>\n<meta property=\"article:modified_time\" content=\"2026-02-17T09:40:56+00:00\" \/>\n<meta property=\"og:image\" content=\"https:\/\/www.lgddobregminy.pl\/wp-content\/uploads\/2024\/12\/logotypy-z-kreska.jpg\" \/>\n<meta name=\"twitter:card\" content=\"summary_large_image\" \/>\n<meta name=\"twitter:label1\" content=\"Szacowany czas czytania\" \/>\n\t<meta name=\"twitter:data1\" content=\"2 minuty\" \/>\n<script type=\"application\/ld+json\" class=\"yoast-schema-graph\">{\"@context\":\"https:\/\/schema.org\",\"@graph\":[{\"@type\":\"WebPage\",\"@id\":\"https:\/\/www.lgddobregminy.pl\/\",\"url\":\"https:\/\/www.lgddobregminy.pl\/\",\"name\":\"Strona g\u0142\u00f3wna - LGD Dobre Gminy\",\"isPartOf\":{\"@id\":\"https:\/\/www.lgddobregminy.pl\/#website\"},\"primaryImageOfPage\":{\"@id\":\"https:\/\/www.lgddobregminy.pl\/#primaryimage\"},\"image\":{\"@id\":\"https:\/\/www.lgddobregminy.pl\/#primaryimage\"},\"thumbnailUrl\":\"https:\/\/www.lgddobregminy.pl\/wp-content\/uploads\/2024\/12\/logotypy-z-kreska.jpg\",\"datePublished\":\"2023-05-04T10:18:53+00:00\",\"dateModified\":\"2026-02-17T09:40:56+00:00\",\"description\":\"Stowarzyszenie Lokalna Grupa Dzia\u0142ania Dobre Gminy dzia\u0142a na obszarze Powiatu Polickiego realizuj\u0105c Lokaln\u0105 Strategi\u0119 Rozwoju.\",\"breadcrumb\":{\"@id\":\"https:\/\/www.lgddobregminy.pl\/#breadcrumb\"},\"inLanguage\":\"pl-PL\",\"potentialAction\":[{\"@type\":\"ReadAction\",\"target\":[\"https:\/\/www.lgddobregminy.pl\/\"]}]},{\"@type\":\"ImageObject\",\"inLanguage\":\"pl-PL\",\"@id\":\"https:\/\/www.lgddobregminy.pl\/#primaryimage\",\"url\":\"https:\/\/www.lgddobregminy.pl\/wp-content\/uploads\/2024\/12\/logotypy-z-kreska.jpg\",\"contentUrl\":\"https:\/\/www.lgddobregminy.pl\/wp-content\/uploads\/2024\/12\/logotypy-z-kreska.jpg\",\"width\":1024,\"height\":107},{\"@type\":\"BreadcrumbList\",\"@id\":\"https:\/\/www.lgddobregminy.pl\/#breadcrumb\",\"itemListElement\":[{\"@type\":\"ListItem\",\"position\":1,\"name\":\"Strona g\u0142\u00f3wna\",\"item\":\"https:\/\/www.lgddobregminy.pl\/\"},{\"@type\":\"ListItem\",\"position\":2,\"name\":\"Strona g\u0142\u00f3wna\"}]},{\"@type\":\"WebSite\",\"@id\":\"https:\/\/www.lgddobregminy.pl\/#website\",\"url\":\"https:\/\/www.lgddobregminy.pl\/\",\"name\":\"LGD Dobre Gminy\",\"description\":\"\",\"potentialAction\":[{\"@type\":\"SearchAction\",\"target\":{\"@type\":\"EntryPoint\",\"urlTemplate\":\"https:\/\/www.lgddobregminy.pl\/?s={search_term_string}\"},\"query-input\":{\"@type\":\"PropertyValueSpecification\",\"valueRequired\":true,\"valueName\":\"search_term_string\"}}],\"inLanguage\":\"pl-PL\"}]}<\/script>\n<!-- \/ Yoast SEO plugin. -->","yoast_head_json":{"title":"Strona g\u0142\u00f3wna - LGD Dobre Gminy","description":"Stowarzyszenie Lokalna Grupa Dzia\u0142ania Dobre Gminy dzia\u0142a na obszarze Powiatu Polickiego realizuj\u0105c Lokaln\u0105 Strategi\u0119 Rozwoju.","robots":{"index":"index","follow":"follow","max-snippet":"max-snippet:-1","max-image-preview":"max-image-preview:large","max-video-preview":"max-video-preview:-1"},"canonical":"https:\/\/www.lgddobregminy.pl\/","og_locale":"pl_PL","og_type":"article","og_title":"Strona g\u0142\u00f3wna - LGD Dobre Gminy","og_description":"Stowarzyszenie Lokalna Grupa Dzia\u0142ania Dobre Gminy dzia\u0142a na obszarze Powiatu Polickiego realizuj\u0105c Lokaln\u0105 Strategi\u0119 Rozwoju.","og_url":"https:\/\/www.lgddobregminy.pl\/","og_site_name":"LGD Dobre Gminy","article_modified_time":"2026-02-17T09:40:56+00:00","og_image":[{"url":"https:\/\/www.lgddobregminy.pl\/wp-content\/uploads\/2024\/12\/logotypy-z-kreska.jpg","type":"","width":"","height":""}],"twitter_card":"summary_large_image","twitter_misc":{"Szacowany czas czytania":"2 minuty"},"schema":{"@context":"https:\/\/schema.org","@graph":[{"@type":"WebPage","@id":"https:\/\/www.lgddobregminy.pl\/","url":"https:\/\/www.lgddobregminy.pl\/","name":"Strona g\u0142\u00f3wna - LGD Dobre Gminy","isPartOf":{"@id":"https:\/\/www.lgddobregminy.pl\/#website"},"primaryImageOfPage":{"@id":"https:\/\/www.lgddobregminy.pl\/#primaryimage"},"image":{"@id":"https:\/\/www.lgddobregminy.pl\/#primaryimage"},"thumbnailUrl":"https:\/\/www.lgddobregminy.pl\/wp-content\/uploads\/2024\/12\/logotypy-z-kreska.jpg","datePublished":"2023-05-04T10:18:53+00:00","dateModified":"2026-02-17T09:40:56+00:00","description":"Stowarzyszenie Lokalna Grupa Dzia\u0142ania Dobre Gminy dzia\u0142a na obszarze Powiatu Polickiego realizuj\u0105c Lokaln\u0105 Strategi\u0119 Rozwoju.","breadcrumb":{"@id":"https:\/\/www.lgddobregminy.pl\/#breadcrumb"},"inLanguage":"pl-PL","potentialAction":[{"@type":"ReadAction","target":["https:\/\/www.lgddobregminy.pl\/"]}]},{"@type":"ImageObject","inLanguage":"pl-PL","@id":"https:\/\/www.lgddobregminy.pl\/#primaryimage","url":"https:\/\/www.lgddobregminy.pl\/wp-content\/uploads\/2024\/12\/logotypy-z-kreska.jpg","contentUrl":"https:\/\/www.lgddobregminy.pl\/wp-content\/uploads\/2024\/12\/logotypy-z-kreska.jpg","width":1024,"height":107},{"@type":"BreadcrumbList","@id":"https:\/\/www.lgddobregminy.pl\/#breadcrumb","itemListElement":[{"@type":"ListItem","position":1,"name":"Strona g\u0142\u00f3wna","item":"https:\/\/www.lgddobregminy.pl\/"},{"@type":"ListItem","position":2,"name":"Strona g\u0142\u00f3wna"}]},{"@type":"WebSite","@id":"https:\/\/www.lgddobregminy.pl\/#website","url":"https:\/\/www.lgddobregminy.pl\/","name":"LGD Dobre Gminy","description":"","potentialAction":[{"@type":"SearchAction","target":{"@type":"EntryPoint","urlTemplate":"https:\/\/www.lgddobregminy.pl\/?s={search_term_string}"},"query-input":{"@type":"PropertyValueSpecification","valueRequired":true,"valueName":"search_term_string"}}],"inLanguage":"pl-PL"}]}},"_links":{"self":[{"href":"https:\/\/www.lgddobregminy.pl\/index.php\/wp-json\/wp\/v2\/pages\/11","targetHints":{"allow":["GET"]}}],"collection":[{"href":"https:\/\/www.lgddobregminy.pl\/index.php\/wp-json\/wp\/v2\/pages"}],"about":[{"href":"https:\/\/www.lgddobregminy.pl\/index.php\/wp-json\/wp\/v2\/types\/page"}],"author":[{"embeddable":true,"href":"https:\/\/www.lgddobregminy.pl\/index.php\/wp-json\/wp\/v2\/users\/1"}],"replies":[{"embeddable":true,"href":"https:\/\/www.lgddobregminy.pl\/index.php\/wp-json\/wp\/v2\/comments?post=11"}],"version-history":[{"count":77,"href":"https:\/\/www.lgddobregminy.pl\/index.php\/wp-json\/wp\/v2\/pages\/11\/revisions"}],"predecessor-version":[{"id":989,"href":"https:\/\/www.lgddobregminy.pl\/index.php\/wp-json\/wp\/v2\/pages\/11\/revisions\/989"}],"wp:attachment":[{"href":"https:\/\/www.lgddobregminy.pl\/index.php\/wp-json\/wp\/v2\/media?parent=11"}],"curies":[{"name":"wp","href":"https:\/\/api.w.org\/{rel}","templated":true}]}}