{"id":305,"date":"2024-06-30T09:39:00","date_gmt":"2024-06-30T07:39:00","guid":{"rendered":"https:\/\/www.lgddobregminy.pl\/?page_id=305"},"modified":"2026-05-07T10:46:11","modified_gmt":"2026-05-07T08:46:11","slug":"umowa-ramowa-wraz-z-aneksami","status":"publish","type":"page","link":"https:\/\/www.lgddobregminy.pl\/index.php\/umowa-ramowa-wraz-z-aneksami\/","title":{"rendered":"Umowa ramowa wraz z aneksami"},"content":{"rendered":"\n<p>17 stycznia 2024 roku stowarzyszenie LGD Dobre Gminy podpisa\u0142o umow\u0119 o warunkach i sposobie realizacji strategii rozwoju lokalnego kierowanego przez spo\u0142eczno\u015b\u0107 tj. tzw. umow\u0119 ramow\u0105<\/p>\n\n\n\n<p><a href=\"https:\/\/www.lgddobregminy.pl\/wp-content\/uploads\/2024\/02\/umowa-ramowa.pdf\">umowa ramowa plik pdf<\/a><\/p>\n\n\n\n<p>06 marca 2024 roku podpisano Aneks nr 1 do umowy ramowej<\/p>\n\n\n\n<p><a href=\"http:\/\/www.lgddobregminy.pl\/wp-content\/uploads\/2024\/12\/aneks-nr-1.pdf\">aneks nr 1 plik pdf<\/a><\/p>\n\n\n\n<p>20 czerwca 2024 roku podpisano Aneks nr 2 do umowy ramowej<\/p>\n\n\n\n<p><a href=\"http:\/\/www.lgddobregminy.pl\/wp-content\/uploads\/2024\/12\/aneks-nr-2.pdf\">aneks nr 2 plik pdf<\/a><\/p>\n\n\n\n<p>10 kwietnia 2025 roku podpisano Aneks nr 3 do umowy ramowej<\/p>\n\n\n\n<p><a href=\"http:\/\/www.lgddobregminy.pl\/wp-content\/uploads\/2025\/06\/aneks-nr-3.pdf\">aneks nr 3 plik<\/a><\/p>\n\n\n\n<p>06 sierpnia 2025 roku podpisano Aneks nr 4 do umowy ramowej<\/p>\n\n\n\n<p><a href=\"http:\/\/www.lgddobregminy.pl\/wp-content\/uploads\/2025\/10\/aneks-nr-4-do-ramowki.pdf\">aneks nr 4 plik<\/a><\/p>\n\n\n\n<p>17 grudnia 2025 roku podpisano Aneks nr 5 do umowy ramowej<\/p>\n\n\n\n<p><a href=\"http:\/\/www.lgddobregminy.pl\/wp-content\/uploads\/2026\/05\/Aneks-nr-5-z-dnia-17.12.2025-r.pdf\">aneks nr 5 plik<\/a><\/p>\n\n\n\n<p>14 kwietnia 2026 roku podpisano Aneks nr 6 do umowy ramowej<\/p>\n\n\n\n<p><a href=\"http:\/\/www.lgddobregminy.pl\/wp-content\/uploads\/2026\/05\/Aneks-nr-6-z-dnia-14.04.2026-r.pdf\">aneks nr 6 plik<\/a><\/p>\n\n\n\n<p>Lokaln\u0105 Strategi\u0119 Rozwoju wraz z aktualizacjami mo\u017cna znale\u017a\u0107 <a href=\"https:\/\/www.lgddobregminy.pl\/index.php\/lokalna-strategia-rozwoju-na-lata-2023-2027\/\">TUTAJ<\/a><\/p>\n","protected":false},"excerpt":{"rendered":"<p>17 stycznia 2024 roku stowarzyszenie LGD Dobre Gminy podpisa\u0142o umow\u0119 o warunkach i sposobie realizacji strategii rozwoju lokalnego kierowanego przez spo\u0142eczno\u015b\u0107 tj. tzw. umow\u0119 ramow\u0105 umowa ramowa plik pdf 06 marca 2024 roku podpisano Aneks nr 1 do umowy ramowej aneks nr 1 plik pdf 20 czerwca 2024 roku podpisano&#8230;<\/p>\n<p> <a class=\"continue-reading-link\" href=\"https:\/\/www.lgddobregminy.pl\/index.php\/umowa-ramowa-wraz-z-aneksami\/\"><span>Czytaj dalej<\/span><i class=\"crycon-right-dir\"><\/i><\/a> <\/p>\n","protected":false},"author":1,"featured_media":0,"parent":0,"menu_order":0,"comment_status":"closed","ping_status":"closed","template":"","meta":{"footnotes":""},"class_list":["post-305","page","type-page","status-publish","hentry"],"yoast_head":"<!-- This site is optimized with the Yoast SEO plugin v27.6 - https:\/\/yoast.com\/product\/yoast-seo-wordpress\/ -->\n<title>Umowa ramowa wraz z aneksami - LGD Dobre Gminy<\/title>\n<meta name=\"description\" content=\"LGD Dobre Gminy - umowa ramowa wraz z aneksami na realizacj\u0119 Lokalnej Strategii Rozwoju na lata 2023 - 2027\" \/>\n<meta name=\"robots\" content=\"index, follow, max-snippet:-1, max-image-preview:large, max-video-preview:-1\" \/>\n<link rel=\"canonical\" href=\"https:\/\/www.lgddobregminy.pl\/index.php\/umowa-ramowa-wraz-z-aneksami\/\" \/>\n<meta property=\"og:locale\" content=\"pl_PL\" \/>\n<meta property=\"og:type\" content=\"article\" \/>\n<meta property=\"og:title\" content=\"Umowa ramowa wraz z aneksami - LGD Dobre Gminy\" \/>\n<meta property=\"og:description\" content=\"LGD Dobre Gminy - umowa ramowa wraz z aneksami na realizacj\u0119 Lokalnej Strategii Rozwoju na lata 2023 - 2027\" \/>\n<meta property=\"og:url\" content=\"https:\/\/www.lgddobregminy.pl\/index.php\/umowa-ramowa-wraz-z-aneksami\/\" \/>\n<meta property=\"og:site_name\" content=\"LGD Dobre Gminy\" \/>\n<meta property=\"article:modified_time\" content=\"2026-05-07T08:46:11+00:00\" \/>\n<meta name=\"twitter:card\" content=\"summary_large_image\" \/>\n<meta name=\"twitter:label1\" content=\"Szacowany czas czytania\" \/>\n\t<meta name=\"twitter:data1\" content=\"1 minuta\" \/>\n<script type=\"application\/ld+json\" class=\"yoast-schema-graph\">{\"@context\":\"https:\\\/\\\/schema.org\",\"@graph\":[{\"@type\":\"WebPage\",\"@id\":\"https:\\\/\\\/www.lgddobregminy.pl\\\/index.php\\\/umowa-ramowa-wraz-z-aneksami\\\/\",\"url\":\"https:\\\/\\\/www.lgddobregminy.pl\\\/index.php\\\/umowa-ramowa-wraz-z-aneksami\\\/\",\"name\":\"Umowa ramowa wraz z aneksami - LGD Dobre Gminy\",\"isPartOf\":{\"@id\":\"https:\\\/\\\/www.lgddobregminy.pl\\\/#website\"},\"datePublished\":\"2024-06-30T07:39:00+00:00\",\"dateModified\":\"2026-05-07T08:46:11+00:00\",\"description\":\"LGD Dobre Gminy - umowa ramowa wraz z aneksami na realizacj\u0119 Lokalnej Strategii Rozwoju na lata 2023 - 2027\",\"breadcrumb\":{\"@id\":\"https:\\\/\\\/www.lgddobregminy.pl\\\/index.php\\\/umowa-ramowa-wraz-z-aneksami\\\/#breadcrumb\"},\"inLanguage\":\"pl-PL\",\"potentialAction\":[{\"@type\":\"ReadAction\",\"target\":[\"https:\\\/\\\/www.lgddobregminy.pl\\\/index.php\\\/umowa-ramowa-wraz-z-aneksami\\\/\"]}]},{\"@type\":\"BreadcrumbList\",\"@id\":\"https:\\\/\\\/www.lgddobregminy.pl\\\/index.php\\\/umowa-ramowa-wraz-z-aneksami\\\/#breadcrumb\",\"itemListElement\":[{\"@type\":\"ListItem\",\"position\":1,\"name\":\"Strona g\u0142\u00f3wna\",\"item\":\"https:\\\/\\\/www.lgddobregminy.pl\\\/\"},{\"@type\":\"ListItem\",\"position\":2,\"name\":\"Umowa ramowa wraz z aneksami\"}]},{\"@type\":\"WebSite\",\"@id\":\"https:\\\/\\\/www.lgddobregminy.pl\\\/#website\",\"url\":\"https:\\\/\\\/www.lgddobregminy.pl\\\/\",\"name\":\"LGD Dobre Gminy\",\"description\":\"\",\"potentialAction\":[{\"@type\":\"SearchAction\",\"target\":{\"@type\":\"EntryPoint\",\"urlTemplate\":\"https:\\\/\\\/www.lgddobregminy.pl\\\/?s={search_term_string}\"},\"query-input\":{\"@type\":\"PropertyValueSpecification\",\"valueRequired\":true,\"valueName\":\"search_term_string\"}}],\"inLanguage\":\"pl-PL\"}]}<\/script>\n<!-- \/ Yoast SEO plugin. -->","yoast_head_json":{"title":"Umowa ramowa wraz z aneksami - LGD Dobre Gminy","description":"LGD Dobre Gminy - umowa ramowa wraz z aneksami na realizacj\u0119 Lokalnej Strategii Rozwoju na lata 2023 - 2027","robots":{"index":"index","follow":"follow","max-snippet":"max-snippet:-1","max-image-preview":"max-image-preview:large","max-video-preview":"max-video-preview:-1"},"canonical":"https:\/\/www.lgddobregminy.pl\/index.php\/umowa-ramowa-wraz-z-aneksami\/","og_locale":"pl_PL","og_type":"article","og_title":"Umowa ramowa wraz z aneksami - LGD Dobre Gminy","og_description":"LGD Dobre Gminy - umowa ramowa wraz z aneksami na realizacj\u0119 Lokalnej Strategii Rozwoju na lata 2023 - 2027","og_url":"https:\/\/www.lgddobregminy.pl\/index.php\/umowa-ramowa-wraz-z-aneksami\/","og_site_name":"LGD Dobre Gminy","article_modified_time":"2026-05-07T08:46:11+00:00","twitter_card":"summary_large_image","twitter_misc":{"Szacowany czas czytania":"1 minuta"},"schema":{"@context":"https:\/\/schema.org","@graph":[{"@type":"WebPage","@id":"https:\/\/www.lgddobregminy.pl\/index.php\/umowa-ramowa-wraz-z-aneksami\/","url":"https:\/\/www.lgddobregminy.pl\/index.php\/umowa-ramowa-wraz-z-aneksami\/","name":"Umowa ramowa wraz z aneksami - LGD Dobre Gminy","isPartOf":{"@id":"https:\/\/www.lgddobregminy.pl\/#website"},"datePublished":"2024-06-30T07:39:00+00:00","dateModified":"2026-05-07T08:46:11+00:00","description":"LGD Dobre Gminy - umowa ramowa wraz z aneksami na realizacj\u0119 Lokalnej Strategii Rozwoju na lata 2023 - 2027","breadcrumb":{"@id":"https:\/\/www.lgddobregminy.pl\/index.php\/umowa-ramowa-wraz-z-aneksami\/#breadcrumb"},"inLanguage":"pl-PL","potentialAction":[{"@type":"ReadAction","target":["https:\/\/www.lgddobregminy.pl\/index.php\/umowa-ramowa-wraz-z-aneksami\/"]}]},{"@type":"BreadcrumbList","@id":"https:\/\/www.lgddobregminy.pl\/index.php\/umowa-ramowa-wraz-z-aneksami\/#breadcrumb","itemListElement":[{"@type":"ListItem","position":1,"name":"Strona g\u0142\u00f3wna","item":"https:\/\/www.lgddobregminy.pl\/"},{"@type":"ListItem","position":2,"name":"Umowa ramowa wraz z aneksami"}]},{"@type":"WebSite","@id":"https:\/\/www.lgddobregminy.pl\/#website","url":"https:\/\/www.lgddobregminy.pl\/","name":"LGD Dobre Gminy","description":"","potentialAction":[{"@type":"SearchAction","target":{"@type":"EntryPoint","urlTemplate":"https:\/\/www.lgddobregminy.pl\/?s={search_term_string}"},"query-input":{"@type":"PropertyValueSpecification","valueRequired":true,"valueName":"search_term_string"}}],"inLanguage":"pl-PL"}]}},"_links":{"self":[{"href":"https:\/\/www.lgddobregminy.pl\/index.php\/wp-json\/wp\/v2\/pages\/305","targetHints":{"allow":["GET"]}}],"collection":[{"href":"https:\/\/www.lgddobregminy.pl\/index.php\/wp-json\/wp\/v2\/pages"}],"about":[{"href":"https:\/\/www.lgddobregminy.pl\/index.php\/wp-json\/wp\/v2\/types\/page"}],"author":[{"embeddable":true,"href":"https:\/\/www.lgddobregminy.pl\/index.php\/wp-json\/wp\/v2\/users\/1"}],"replies":[{"embeddable":true,"href":"https:\/\/www.lgddobregminy.pl\/index.php\/wp-json\/wp\/v2\/comments?post=305"}],"version-history":[{"count":4,"href":"https:\/\/www.lgddobregminy.pl\/index.php\/wp-json\/wp\/v2\/pages\/305\/revisions"}],"predecessor-version":[{"id":1090,"href":"https:\/\/www.lgddobregminy.pl\/index.php\/wp-json\/wp\/v2\/pages\/305\/revisions\/1090"}],"wp:attachment":[{"href":"https:\/\/www.lgddobregminy.pl\/index.php\/wp-json\/wp\/v2\/media?parent=305"}],"curies":[{"name":"wp","href":"https:\/\/api.w.org\/{rel}","templated":true}]}}