{"id":625,"date":"2025-07-25T10:25:08","date_gmt":"2025-07-25T08:25:08","guid":{"rendered":"https:\/\/www.lgddobregminy.pl\/?page_id=625"},"modified":"2025-11-05T09:59:54","modified_gmt":"2025-11-05T07:59:54","slug":"kilka-slow-o-lgd-dobre-gminy","status":"publish","type":"page","link":"https:\/\/www.lgddobregminy.pl\/index.php\/kilka-slow-o-lgd-dobre-gminy\/","title":{"rendered":"Kilka s\u0142\u00f3w o LGD Dobre Gminy:"},"content":{"rendered":"\n<p>Stowarzyszenie Lokalna Grupa Dzia\u0142ania Dobre Gminy jest partnerstwem tr\u00f3jsektorowym,\u00a0w sk\u0142ad kt\u00f3rego wchodz\u0105 podmioty sektora publicznego, spo\u0142ecznego, gospodarczego oraz mieszka\u0144cy 4 gmin powiatu polickiego zlokalizowanych na obszarze Lokalnej Strategii Rozwoju. Stowarzyszenie jest jedn\u0105 z 13 Lokalnych Grup Dzia\u0142ania na terenie wojew\u00f3dztwa zachodniopomorskiego realizuj\u0105cego Program Rozwoju Obszar\u00f3w Wiejskich na lata 2023 \u2013 2027.<\/p>\n\n\n\n<p>Lokalna Grupa Dzia\u0142ania Dobre Gminy to stowarzyszenie w sk\u0142ad kt\u00f3rego wchodz\u0105 gminy: Dobra, Ko\u0142baskowo, Police i Nowe Warpno, mieszka\u0144cy, inne stowarzyszenia i przedsi\u0119biorcy. W 2024 roku LGD Dobre Gminy pozyska\u0142o \u015brodki w ramach dw\u00f3ch program\u00f3w (<a href=\"https:\/\/www.lgddobregminy.pl\/index.php\/umowa-ramowa-wraz-z-aneksami\/\">umowa ramowa<\/a>):<\/p>\n\n\n\n<ol class=\"wp-block-list\">\n<li>Planu Strategicznego dla Wsp\u00f3lnej Polityki Rolnej na lata 2023 \u2013 2027 \u2013 1.750.000 euro<\/li>\n\n\n\n<li>Europejskiego Funduszu Spo\u0142ecznego Plus &#8211; 1 042 349,91 euro<\/li>\n<\/ol>\n\n\n\n<p>\u015arodki te s\u0105 wdra\u017canie na podstawie <a href=\"https:\/\/www.lgddobregminy.pl\/wp-content\/uploads\/2023\/09\/LSR-2023-2025-LGD-Dobre-Gminy.pdf\">Lokalnej Strategii Rozwoju<\/a>, gdzie zosta\u0142y zdefiniowane cele oraz wska\u017aniki jakie nale\u017cy zrealizowa\u0107 w ramach pozyskanego dofinansowania.<\/p>\n\n\n\n<p>Cel I. Poprawa dost\u0119pu do ma\u0142ej infrastruktury<\/p>\n\n\n\n<p>W ramach tego celu zaplanowano dwa przedsi\u0119wzi\u0119cia finansowanie z PS WPR:<\/p>\n\n\n\n<p>P.1.1 rozw\u00f3j infrastruktury turystycznej i rekreacyjnej \u2013 s\u0105 to \u015brodki przeznaczone dla gmin cz\u0142onkowskich, w ramach kt\u00f3rych powstan\u0105 obiekty ma\u0142ej infrastruktury turystycznej i rekreacyjnej<\/p>\n\n\n\n<p>P.1.2 dzia\u0142ania kszta\u0142tuj\u0105ce \u015bwiadomo\u015b\u0107 spo\u0142eczn\u0105 nt. ochrony dziedzictwa kulturowego i przyrodniczego obszaru LGD \u2013 to \u015brodki dla stowarzysze\u0144 dzia\u0142aj\u0105cych na terenie LGD Dobre Gminy, kt\u00f3re chcia\u0142by zorganizowa\u0107 dla mieszka\u0144c\u00f3w r\u00f3\u017cne wydarzenia rekreacyjne zwi\u0105zane z promocj\u0105 i ochron\u0105 lokalnego dziedzictwa<\/p>\n\n\n\n<p>Cel II. W\u0142\u0105czenie spo\u0142eczne<\/p>\n\n\n\n<p>P.2.1 \u2013 aktywizacja os\u00f3b z grup w niekorzystnej sytuacji. W ramach tego przedsi\u0119wzi\u0119cia LGD b\u0119dzie aktywizowa\u0107 bezrobotnych i biernych zawodowo mieszka\u0144c\u00f3w obszaru. To przedsi\u0119wzi\u0119cie b\u0119dzie finansowane z EFS+<\/p>\n\n\n\n<p>P.2.2 \u2013 utworzenie lub wyposa\u017cenie przestrzeni sprzyjaj\u0105cych w\u0142\u0105czeniu spo\u0142ecznemu. Tutaj zaplanowano \u015brodki z PS WPR dla stowarzysze\u0144, fundacji lub samego LGD w ramach tzw. \u201eoperacji w\u0142asnych\u201d.<\/p>\n\n\n\n<p>Cel III. Wzmocnienie konkurencyjno\u015bci obszaru<\/p>\n\n\n\n<p>P.3.1 \u2013 podejmowanie pozarolniczej dzia\u0142alno\u015bci gospodarczej przez osoby fizyczne. \u015arodki dla os\u00f3b, kt\u00f3re chc\u0105 rozpocz\u0105\u0107 w\u0142asn\u0105 dzia\u0142alno\u015b\u0107 gospodarcz\u0105. W ramach PS WPR zrefundowane zostanie 65% koszt\u00f3w kwalifikowalnych.<\/p>\n\n\n\n<p>P.3.2 \u2013 rozw\u00f3j przedsi\u0119biorczo\u015bci. \u015arodki dla istniej\u0105cych i dzia\u0142aj\u0105cych przynajmniej od roku na obszarze LGD przedsi\u0119biorc\u00f3w na rozw\u00f3j dzia\u0142alno\u015bci. W ramach PS WPR zrefundowane zostanie 65% koszt\u00f3w kwalifikowalnych.<\/p>\n\n\n\n<p>Chcesz ubiega\u0107 si\u0119 o dofinansowanie &#8211; przejd\u017a <a href=\"https:\/\/www.lgddobregminy.pl\/index.php\/2023\/05\/04\/informacja-do-osob-ktore-chca-otrzymac-dofinansowanie-w-ramach-prow-2023-2027\/\">TUTAJ<\/a><\/p>\n","protected":false},"excerpt":{"rendered":"<p>Stowarzyszenie Lokalna Grupa Dzia\u0142ania Dobre Gminy jest partnerstwem tr\u00f3jsektorowym,\u00a0w sk\u0142ad kt\u00f3rego wchodz\u0105 podmioty sektora publicznego, spo\u0142ecznego, gospodarczego oraz mieszka\u0144cy 4 gmin powiatu polickiego zlokalizowanych na obszarze Lokalnej Strategii Rozwoju. Stowarzyszenie jest jedn\u0105 z 13 Lokalnych Grup Dzia\u0142ania na terenie wojew\u00f3dztwa zachodniopomorskiego realizuj\u0105cego Program Rozwoju Obszar\u00f3w Wiejskich na lata 2023 \u2013&#8230;<\/p>\n<p> <a class=\"continue-reading-link\" href=\"https:\/\/www.lgddobregminy.pl\/index.php\/kilka-slow-o-lgd-dobre-gminy\/\"><span>Czytaj dalej<\/span><i class=\"crycon-right-dir\"><\/i><\/a> <\/p>\n","protected":false},"author":1,"featured_media":0,"parent":0,"menu_order":0,"comment_status":"closed","ping_status":"closed","template":"","meta":{"footnotes":""},"class_list":["post-625","page","type-page","status-publish","hentry"],"yoast_head":"<!-- This site is optimized with the Yoast SEO plugin v27.2 - https:\/\/yoast.com\/product\/yoast-seo-wordpress\/ -->\n<title>Kilka s\u0142\u00f3w o LGD Dobre Gminy: - LGD Dobre Gminy<\/title>\n<meta name=\"robots\" content=\"index, follow, max-snippet:-1, max-image-preview:large, max-video-preview:-1\" \/>\n<link rel=\"canonical\" href=\"https:\/\/www.lgddobregminy.pl\/index.php\/kilka-slow-o-lgd-dobre-gminy\/\" \/>\n<meta property=\"og:locale\" content=\"pl_PL\" \/>\n<meta property=\"og:type\" content=\"article\" \/>\n<meta property=\"og:title\" content=\"Kilka s\u0142\u00f3w o LGD Dobre Gminy: - LGD Dobre Gminy\" \/>\n<meta property=\"og:description\" content=\"Stowarzyszenie Lokalna Grupa Dzia\u0142ania Dobre Gminy jest partnerstwem tr\u00f3jsektorowym,\u00a0w sk\u0142ad kt\u00f3rego wchodz\u0105 podmioty sektora publicznego, spo\u0142ecznego, gospodarczego oraz mieszka\u0144cy 4 gmin powiatu polickiego zlokalizowanych na obszarze Lokalnej Strategii Rozwoju. Stowarzyszenie jest jedn\u0105 z 13 Lokalnych Grup Dzia\u0142ania na terenie wojew\u00f3dztwa zachodniopomorskiego realizuj\u0105cego Program Rozwoju Obszar\u00f3w Wiejskich na lata 2023 \u2013... Czytaj dalej\" \/>\n<meta property=\"og:url\" content=\"https:\/\/www.lgddobregminy.pl\/index.php\/kilka-slow-o-lgd-dobre-gminy\/\" \/>\n<meta property=\"og:site_name\" content=\"LGD Dobre Gminy\" \/>\n<meta property=\"article:modified_time\" content=\"2025-11-05T07:59:54+00:00\" \/>\n<meta name=\"twitter:card\" content=\"summary_large_image\" \/>\n<meta name=\"twitter:label1\" content=\"Szacowany czas czytania\" \/>\n\t<meta name=\"twitter:data1\" content=\"2 minuty\" \/>\n<script type=\"application\/ld+json\" class=\"yoast-schema-graph\">{\"@context\":\"https:\/\/schema.org\",\"@graph\":[{\"@type\":\"WebPage\",\"@id\":\"https:\/\/www.lgddobregminy.pl\/index.php\/kilka-slow-o-lgd-dobre-gminy\/\",\"url\":\"https:\/\/www.lgddobregminy.pl\/index.php\/kilka-slow-o-lgd-dobre-gminy\/\",\"name\":\"Kilka s\u0142\u00f3w o LGD Dobre Gminy: - LGD Dobre Gminy\",\"isPartOf\":{\"@id\":\"https:\/\/www.lgddobregminy.pl\/#website\"},\"datePublished\":\"2025-07-25T08:25:08+00:00\",\"dateModified\":\"2025-11-05T07:59:54+00:00\",\"breadcrumb\":{\"@id\":\"https:\/\/www.lgddobregminy.pl\/index.php\/kilka-slow-o-lgd-dobre-gminy\/#breadcrumb\"},\"inLanguage\":\"pl-PL\",\"potentialAction\":[{\"@type\":\"ReadAction\",\"target\":[\"https:\/\/www.lgddobregminy.pl\/index.php\/kilka-slow-o-lgd-dobre-gminy\/\"]}]},{\"@type\":\"BreadcrumbList\",\"@id\":\"https:\/\/www.lgddobregminy.pl\/index.php\/kilka-slow-o-lgd-dobre-gminy\/#breadcrumb\",\"itemListElement\":[{\"@type\":\"ListItem\",\"position\":1,\"name\":\"Strona g\u0142\u00f3wna\",\"item\":\"https:\/\/www.lgddobregminy.pl\/\"},{\"@type\":\"ListItem\",\"position\":2,\"name\":\"Kilka s\u0142\u00f3w o LGD Dobre Gminy:\"}]},{\"@type\":\"WebSite\",\"@id\":\"https:\/\/www.lgddobregminy.pl\/#website\",\"url\":\"https:\/\/www.lgddobregminy.pl\/\",\"name\":\"LGD Dobre Gminy\",\"description\":\"\",\"potentialAction\":[{\"@type\":\"SearchAction\",\"target\":{\"@type\":\"EntryPoint\",\"urlTemplate\":\"https:\/\/www.lgddobregminy.pl\/?s={search_term_string}\"},\"query-input\":{\"@type\":\"PropertyValueSpecification\",\"valueRequired\":true,\"valueName\":\"search_term_string\"}}],\"inLanguage\":\"pl-PL\"}]}<\/script>\n<!-- \/ Yoast SEO plugin. -->","yoast_head_json":{"title":"Kilka s\u0142\u00f3w o LGD Dobre Gminy: - LGD Dobre Gminy","robots":{"index":"index","follow":"follow","max-snippet":"max-snippet:-1","max-image-preview":"max-image-preview:large","max-video-preview":"max-video-preview:-1"},"canonical":"https:\/\/www.lgddobregminy.pl\/index.php\/kilka-slow-o-lgd-dobre-gminy\/","og_locale":"pl_PL","og_type":"article","og_title":"Kilka s\u0142\u00f3w o LGD Dobre Gminy: - LGD Dobre Gminy","og_description":"Stowarzyszenie Lokalna Grupa Dzia\u0142ania Dobre Gminy jest partnerstwem tr\u00f3jsektorowym,\u00a0w sk\u0142ad kt\u00f3rego wchodz\u0105 podmioty sektora publicznego, spo\u0142ecznego, gospodarczego oraz mieszka\u0144cy 4 gmin powiatu polickiego zlokalizowanych na obszarze Lokalnej Strategii Rozwoju. Stowarzyszenie jest jedn\u0105 z 13 Lokalnych Grup Dzia\u0142ania na terenie wojew\u00f3dztwa zachodniopomorskiego realizuj\u0105cego Program Rozwoju Obszar\u00f3w Wiejskich na lata 2023 \u2013... Czytaj dalej","og_url":"https:\/\/www.lgddobregminy.pl\/index.php\/kilka-slow-o-lgd-dobre-gminy\/","og_site_name":"LGD Dobre Gminy","article_modified_time":"2025-11-05T07:59:54+00:00","twitter_card":"summary_large_image","twitter_misc":{"Szacowany czas czytania":"2 minuty"},"schema":{"@context":"https:\/\/schema.org","@graph":[{"@type":"WebPage","@id":"https:\/\/www.lgddobregminy.pl\/index.php\/kilka-slow-o-lgd-dobre-gminy\/","url":"https:\/\/www.lgddobregminy.pl\/index.php\/kilka-slow-o-lgd-dobre-gminy\/","name":"Kilka s\u0142\u00f3w o LGD Dobre Gminy: - LGD Dobre Gminy","isPartOf":{"@id":"https:\/\/www.lgddobregminy.pl\/#website"},"datePublished":"2025-07-25T08:25:08+00:00","dateModified":"2025-11-05T07:59:54+00:00","breadcrumb":{"@id":"https:\/\/www.lgddobregminy.pl\/index.php\/kilka-slow-o-lgd-dobre-gminy\/#breadcrumb"},"inLanguage":"pl-PL","potentialAction":[{"@type":"ReadAction","target":["https:\/\/www.lgddobregminy.pl\/index.php\/kilka-slow-o-lgd-dobre-gminy\/"]}]},{"@type":"BreadcrumbList","@id":"https:\/\/www.lgddobregminy.pl\/index.php\/kilka-slow-o-lgd-dobre-gminy\/#breadcrumb","itemListElement":[{"@type":"ListItem","position":1,"name":"Strona g\u0142\u00f3wna","item":"https:\/\/www.lgddobregminy.pl\/"},{"@type":"ListItem","position":2,"name":"Kilka s\u0142\u00f3w o LGD Dobre Gminy:"}]},{"@type":"WebSite","@id":"https:\/\/www.lgddobregminy.pl\/#website","url":"https:\/\/www.lgddobregminy.pl\/","name":"LGD Dobre Gminy","description":"","potentialAction":[{"@type":"SearchAction","target":{"@type":"EntryPoint","urlTemplate":"https:\/\/www.lgddobregminy.pl\/?s={search_term_string}"},"query-input":{"@type":"PropertyValueSpecification","valueRequired":true,"valueName":"search_term_string"}}],"inLanguage":"pl-PL"}]}},"_links":{"self":[{"href":"https:\/\/www.lgddobregminy.pl\/index.php\/wp-json\/wp\/v2\/pages\/625","targetHints":{"allow":["GET"]}}],"collection":[{"href":"https:\/\/www.lgddobregminy.pl\/index.php\/wp-json\/wp\/v2\/pages"}],"about":[{"href":"https:\/\/www.lgddobregminy.pl\/index.php\/wp-json\/wp\/v2\/types\/page"}],"author":[{"embeddable":true,"href":"https:\/\/www.lgddobregminy.pl\/index.php\/wp-json\/wp\/v2\/users\/1"}],"replies":[{"embeddable":true,"href":"https:\/\/www.lgddobregminy.pl\/index.php\/wp-json\/wp\/v2\/comments?post=625"}],"version-history":[{"count":2,"href":"https:\/\/www.lgddobregminy.pl\/index.php\/wp-json\/wp\/v2\/pages\/625\/revisions"}],"predecessor-version":[{"id":883,"href":"https:\/\/www.lgddobregminy.pl\/index.php\/wp-json\/wp\/v2\/pages\/625\/revisions\/883"}],"wp:attachment":[{"href":"https:\/\/www.lgddobregminy.pl\/index.php\/wp-json\/wp\/v2\/media?parent=625"}],"curies":[{"name":"wp","href":"https:\/\/api.w.org\/{rel}","templated":true}]}}