{"id":750,"date":"2025-10-08T13:39:10","date_gmt":"2025-10-08T11:39:10","guid":{"rendered":"https:\/\/www.lgddobregminy.pl\/?page_id=750"},"modified":"2026-04-15T12:47:41","modified_gmt":"2026-04-15T10:47:41","slug":"monitoring-i-ewaluacja","status":"publish","type":"page","link":"https:\/\/www.lgddobregminy.pl\/index.php\/monitoring-i-ewaluacja\/","title":{"rendered":"Monitoring i ewaluacja"},"content":{"rendered":"\n<p>Zgodnie z zapisami z rozdzia\u0142u X Lokalnej Strategii Rozwoju, w celu prawid\u0142owej realizacji LSR, LGD b\u0119dzie na bie\u017c\u0105co monitorowana i poddawana badaniom ewaluacyjnym. Zostan\u0105 zastosowane dwa rodzaje ewaluacji \u2013 ewaluacja wewn\u0119trzna i ewaluacja zewn\u0119trzna.&nbsp; Ewaluacja wewn\u0119trzna b\u0119dzie przeprowadzana w I kwartale roku nast\u0119puj\u0105cego po roku ocenianym i b\u0119dzie mia\u0142a za zadanie okre\u015bli\u0107 poziom zrealizowania za\u0142o\u017conych cel\u00f3w i wska\u017anik\u00f3w, poziom wykonania bud\u017cetu, prawid\u0142owo\u015b\u0107 dokonywania wyboru operacji oraz ich zgodno\u015bci z kryteriami. Ewaluacja zewn\u0119trzna b\u0119dzie przeprowadzana 1 raz w ci\u0105gu ca\u0142ego okresu programowania i b\u0119dzie mia\u0142a za zadanie oceni\u0107 ca\u0142okszta\u0142t pracy Stowarzyszenia, w tym jego organ\u00f3w, pracownik\u00f3w, stosowanych procedur, promocji, przep\u0142ywu informacji, wsp\u00f3\u0142pracy, aktywizacji, przedsi\u0119wzi\u0119\u0107 i projekt\u00f3w.<\/p>\n\n\n\n<p>Monitorowanie s\u0142u\u017cy zagwarantowaniu realizacji cel\u00f3w szczeg\u00f3\u0142owych okre\u015blonych w LSR (monitoring rzeczowy) oraz odpowiedniej absorpcji \u015brodk\u00f3w, kt\u00f3re s\u0105 przewidziane na realizacj\u0119 (monitoring finansowy). Mierzeniu post\u0119pu realizacji cel\u00f3w s\u0142u\u017c\u0105 wska\u017aniki. Z monitoringiem \u015bci\u015ble zwi\u0105zana jest sprawozdawczo\u015b\u0107, obejmuj\u0105ca zbieranie informacji dotycz\u0105cych wdra\u017cania strategii z uwzgl\u0119dnieniem cel\u00f3w i dzia\u0142a\u0144 w postaci danych liczbowych, finansowych, wska\u017anik\u00f3w i innego rodzaju informacji oraz przekazywanie ich odpowiednim podmiotom.<\/p>\n\n\n\n<p>Raporty z przeprowadzonych ewaluacji wewn\u0119trznych b\u0119d\u0105 umieszczane na tej stronie do Pa\u0144stwa wiadomo\u015bci.<\/p>\n\n\n\n<p><a href=\"http:\/\/www.lgddobregminy.pl\/wp-content\/uploads\/2025\/10\/raport-ewaluacyjny-za-2024.pdf\">Raport ewaluacyjny za 2024 rok<\/a><\/p>\n\n\n\n<p><a href=\"http:\/\/www.lgddobregminy.pl\/wp-content\/uploads\/2025\/10\/ewaluacja-18-czerwca.pdf\">Cz\u0105stkowy raport ewaluacyjny za 2025 rok z dnia 18 czerwca 2025<\/a><\/p>\n\n\n\n<p><a href=\"http:\/\/www.lgddobregminy.pl\/wp-content\/uploads\/2026\/01\/czastkowy-raport-ewaluacyjny-za-2025-rok-z-dnia-13.10.2025.pdf\">Cz\u0105stkowy raport ewaluacyjny za 2025 rok z dnia 13 pa\u017adziernika 2025<\/a><\/p>\n\n\n\n<p><a href=\"http:\/\/www.lgddobregminy.pl\/wp-content\/uploads\/2026\/01\/czastkowy-raport-ewaluacyjny-za-2025-rok-z-dnia-09.01.2026.pdf\">Cz\u0105stkowy raport ewaluacyjny za 2025 rok z dnia 09 stycznia 2026<\/a><\/p>\n\n\n\n<p><a href=\"http:\/\/www.lgddobregminy.pl\/wp-content\/uploads\/2026\/04\/raport-ewaluacyjny-za-2025-rok.pdf\">Raport ewaluacyjny za 2025 rok<\/a><\/p>\n\n\n\n<p><a href=\"http:\/\/www.lgddobregminy.pl\/wp-content\/uploads\/2026\/02\/czastkowy-raport-przed-naborem.pdf\">Cz\u0105stkowy raport ewaluacyjny za 2026 rok z dnia 23 lutego 2026<\/a><\/p>\n","protected":false},"excerpt":{"rendered":"<p>Zgodnie z zapisami z rozdzia\u0142u X Lokalnej Strategii Rozwoju, w celu prawid\u0142owej realizacji LSR, LGD b\u0119dzie na bie\u017c\u0105co monitorowana i poddawana badaniom ewaluacyjnym. Zostan\u0105 zastosowane dwa rodzaje ewaluacji \u2013 ewaluacja wewn\u0119trzna i ewaluacja zewn\u0119trzna.&nbsp; Ewaluacja wewn\u0119trzna b\u0119dzie przeprowadzana w I kwartale roku nast\u0119puj\u0105cego po roku ocenianym i b\u0119dzie mia\u0142a za&#8230;<\/p>\n<p> <a class=\"continue-reading-link\" href=\"https:\/\/www.lgddobregminy.pl\/index.php\/monitoring-i-ewaluacja\/\"><span>Czytaj dalej<\/span><i class=\"crycon-right-dir\"><\/i><\/a> <\/p>\n","protected":false},"author":1,"featured_media":0,"parent":0,"menu_order":0,"comment_status":"closed","ping_status":"closed","template":"","meta":{"footnotes":""},"class_list":["post-750","page","type-page","status-publish","hentry"],"yoast_head":"<!-- This site is optimized with the Yoast SEO plugin v27.2 - https:\/\/yoast.com\/product\/yoast-seo-wordpress\/ -->\n<title>Monitoring i ewaluacja - LGD Dobre Gminy<\/title>\n<meta name=\"robots\" content=\"index, follow, max-snippet:-1, max-image-preview:large, max-video-preview:-1\" \/>\n<link rel=\"canonical\" href=\"https:\/\/www.lgddobregminy.pl\/index.php\/monitoring-i-ewaluacja\/\" \/>\n<meta property=\"og:locale\" content=\"pl_PL\" \/>\n<meta property=\"og:type\" content=\"article\" \/>\n<meta property=\"og:title\" content=\"Monitoring i ewaluacja - LGD Dobre Gminy\" \/>\n<meta property=\"og:description\" content=\"Zgodnie z zapisami z rozdzia\u0142u X Lokalnej Strategii Rozwoju, w celu prawid\u0142owej realizacji LSR, LGD b\u0119dzie na bie\u017c\u0105co monitorowana i poddawana badaniom ewaluacyjnym. Zostan\u0105 zastosowane dwa rodzaje ewaluacji \u2013 ewaluacja wewn\u0119trzna i ewaluacja zewn\u0119trzna.&nbsp; Ewaluacja wewn\u0119trzna b\u0119dzie przeprowadzana w I kwartale roku nast\u0119puj\u0105cego po roku ocenianym i b\u0119dzie mia\u0142a za... Czytaj dalej\" \/>\n<meta property=\"og:url\" content=\"https:\/\/www.lgddobregminy.pl\/index.php\/monitoring-i-ewaluacja\/\" \/>\n<meta property=\"og:site_name\" content=\"LGD Dobre Gminy\" \/>\n<meta property=\"article:modified_time\" content=\"2026-04-15T10:47:41+00:00\" \/>\n<meta name=\"twitter:card\" content=\"summary_large_image\" \/>\n<meta name=\"twitter:label1\" content=\"Szacowany czas czytania\" \/>\n\t<meta name=\"twitter:data1\" content=\"2 minuty\" \/>\n<script type=\"application\/ld+json\" class=\"yoast-schema-graph\">{\"@context\":\"https:\/\/schema.org\",\"@graph\":[{\"@type\":\"WebPage\",\"@id\":\"https:\/\/www.lgddobregminy.pl\/index.php\/monitoring-i-ewaluacja\/\",\"url\":\"https:\/\/www.lgddobregminy.pl\/index.php\/monitoring-i-ewaluacja\/\",\"name\":\"Monitoring i ewaluacja - LGD Dobre Gminy\",\"isPartOf\":{\"@id\":\"https:\/\/www.lgddobregminy.pl\/#website\"},\"datePublished\":\"2025-10-08T11:39:10+00:00\",\"dateModified\":\"2026-04-15T10:47:41+00:00\",\"breadcrumb\":{\"@id\":\"https:\/\/www.lgddobregminy.pl\/index.php\/monitoring-i-ewaluacja\/#breadcrumb\"},\"inLanguage\":\"pl-PL\",\"potentialAction\":[{\"@type\":\"ReadAction\",\"target\":[\"https:\/\/www.lgddobregminy.pl\/index.php\/monitoring-i-ewaluacja\/\"]}]},{\"@type\":\"BreadcrumbList\",\"@id\":\"https:\/\/www.lgddobregminy.pl\/index.php\/monitoring-i-ewaluacja\/#breadcrumb\",\"itemListElement\":[{\"@type\":\"ListItem\",\"position\":1,\"name\":\"Strona g\u0142\u00f3wna\",\"item\":\"https:\/\/www.lgddobregminy.pl\/\"},{\"@type\":\"ListItem\",\"position\":2,\"name\":\"Monitoring i ewaluacja\"}]},{\"@type\":\"WebSite\",\"@id\":\"https:\/\/www.lgddobregminy.pl\/#website\",\"url\":\"https:\/\/www.lgddobregminy.pl\/\",\"name\":\"LGD Dobre Gminy\",\"description\":\"\",\"potentialAction\":[{\"@type\":\"SearchAction\",\"target\":{\"@type\":\"EntryPoint\",\"urlTemplate\":\"https:\/\/www.lgddobregminy.pl\/?s={search_term_string}\"},\"query-input\":{\"@type\":\"PropertyValueSpecification\",\"valueRequired\":true,\"valueName\":\"search_term_string\"}}],\"inLanguage\":\"pl-PL\"}]}<\/script>\n<!-- \/ Yoast SEO plugin. -->","yoast_head_json":{"title":"Monitoring i ewaluacja - LGD Dobre Gminy","robots":{"index":"index","follow":"follow","max-snippet":"max-snippet:-1","max-image-preview":"max-image-preview:large","max-video-preview":"max-video-preview:-1"},"canonical":"https:\/\/www.lgddobregminy.pl\/index.php\/monitoring-i-ewaluacja\/","og_locale":"pl_PL","og_type":"article","og_title":"Monitoring i ewaluacja - LGD Dobre Gminy","og_description":"Zgodnie z zapisami z rozdzia\u0142u X Lokalnej Strategii Rozwoju, w celu prawid\u0142owej realizacji LSR, LGD b\u0119dzie na bie\u017c\u0105co monitorowana i poddawana badaniom ewaluacyjnym. Zostan\u0105 zastosowane dwa rodzaje ewaluacji \u2013 ewaluacja wewn\u0119trzna i ewaluacja zewn\u0119trzna.&nbsp; Ewaluacja wewn\u0119trzna b\u0119dzie przeprowadzana w I kwartale roku nast\u0119puj\u0105cego po roku ocenianym i b\u0119dzie mia\u0142a za... Czytaj dalej","og_url":"https:\/\/www.lgddobregminy.pl\/index.php\/monitoring-i-ewaluacja\/","og_site_name":"LGD Dobre Gminy","article_modified_time":"2026-04-15T10:47:41+00:00","twitter_card":"summary_large_image","twitter_misc":{"Szacowany czas czytania":"2 minuty"},"schema":{"@context":"https:\/\/schema.org","@graph":[{"@type":"WebPage","@id":"https:\/\/www.lgddobregminy.pl\/index.php\/monitoring-i-ewaluacja\/","url":"https:\/\/www.lgddobregminy.pl\/index.php\/monitoring-i-ewaluacja\/","name":"Monitoring i ewaluacja - LGD Dobre Gminy","isPartOf":{"@id":"https:\/\/www.lgddobregminy.pl\/#website"},"datePublished":"2025-10-08T11:39:10+00:00","dateModified":"2026-04-15T10:47:41+00:00","breadcrumb":{"@id":"https:\/\/www.lgddobregminy.pl\/index.php\/monitoring-i-ewaluacja\/#breadcrumb"},"inLanguage":"pl-PL","potentialAction":[{"@type":"ReadAction","target":["https:\/\/www.lgddobregminy.pl\/index.php\/monitoring-i-ewaluacja\/"]}]},{"@type":"BreadcrumbList","@id":"https:\/\/www.lgddobregminy.pl\/index.php\/monitoring-i-ewaluacja\/#breadcrumb","itemListElement":[{"@type":"ListItem","position":1,"name":"Strona g\u0142\u00f3wna","item":"https:\/\/www.lgddobregminy.pl\/"},{"@type":"ListItem","position":2,"name":"Monitoring i ewaluacja"}]},{"@type":"WebSite","@id":"https:\/\/www.lgddobregminy.pl\/#website","url":"https:\/\/www.lgddobregminy.pl\/","name":"LGD Dobre Gminy","description":"","potentialAction":[{"@type":"SearchAction","target":{"@type":"EntryPoint","urlTemplate":"https:\/\/www.lgddobregminy.pl\/?s={search_term_string}"},"query-input":{"@type":"PropertyValueSpecification","valueRequired":true,"valueName":"search_term_string"}}],"inLanguage":"pl-PL"}]}},"_links":{"self":[{"href":"https:\/\/www.lgddobregminy.pl\/index.php\/wp-json\/wp\/v2\/pages\/750","targetHints":{"allow":["GET"]}}],"collection":[{"href":"https:\/\/www.lgddobregminy.pl\/index.php\/wp-json\/wp\/v2\/pages"}],"about":[{"href":"https:\/\/www.lgddobregminy.pl\/index.php\/wp-json\/wp\/v2\/types\/page"}],"author":[{"embeddable":true,"href":"https:\/\/www.lgddobregminy.pl\/index.php\/wp-json\/wp\/v2\/users\/1"}],"replies":[{"embeddable":true,"href":"https:\/\/www.lgddobregminy.pl\/index.php\/wp-json\/wp\/v2\/comments?post=750"}],"version-history":[{"count":5,"href":"https:\/\/www.lgddobregminy.pl\/index.php\/wp-json\/wp\/v2\/pages\/750\/revisions"}],"predecessor-version":[{"id":1072,"href":"https:\/\/www.lgddobregminy.pl\/index.php\/wp-json\/wp\/v2\/pages\/750\/revisions\/1072"}],"wp:attachment":[{"href":"https:\/\/www.lgddobregminy.pl\/index.php\/wp-json\/wp\/v2\/media?parent=750"}],"curies":[{"name":"wp","href":"https:\/\/api.w.org\/{rel}","templated":true}]}}