{"id":755,"date":"2025-10-09T10:33:25","date_gmt":"2025-10-09T08:33:25","guid":{"rendered":"https:\/\/www.lgddobregminy.pl\/?page_id=755"},"modified":"2026-01-21T12:22:44","modified_gmt":"2026-01-21T10:22:44","slug":"wytyczne-ps-wpr","status":"publish","type":"page","link":"https:\/\/www.lgddobregminy.pl\/index.php\/wytyczne-ps-wpr\/","title":{"rendered":"Wytyczne PS WPR"},"content":{"rendered":"\n<p>1. Jednolity tekst ustawy z dnia 20 lutego 2015 r. o rozwoju lokalnym z udzia\u0142em lokalnej spo\u0142eczno\u015bci &#8211; dokument do pobrania&nbsp;<a href=\"http:\/\/www.lgddobregminy.pl\/wp-content\/uploads\/2025\/10\/ustawa-o-RLKS.pdf\" target=\"_blank\" rel=\"noreferrer noopener\">pod linkiem<\/a><\/p>\n\n\n\n<p>2. Wytyczne podstawowe w zakresie pomocy finansowej w ramach Planu Strategicznego dla Wsp\u00f3lnej Polityki Rolnej na lata 2023-2027 &#8211; dokument do pobrania\u00a0<a href=\"http:\/\/www.lgddobregminy.pl\/wp-content\/uploads\/2026\/01\/Zmienione_wytyczne_podstawowe_15.10.2025.pdf\" target=\"_blank\" rel=\"noreferrer noopener\">pod linkiem<\/a><\/p>\n\n\n\n<p>3.\u00a0Wytyczne szczeg\u00f3\u0142owe wdra\u017canie LSR \u2013 Wytyczne szczeg\u00f3\u0142owe w zakresie przyznawania i wyp\u0142aty pomocy finansowej w ramach Planu Strategicznego dla Wsp\u00f3lnej Polityki Rolnej na lata 2023\u20132027 dla interwencji I.13.1 LEADER\/Rozw\u00f3j Lokalny Kierowany przez Spo\u0142eczno\u015b\u0107 (RLKS) \u2013 komponent wdra\u017canie LSR &#8211; dokument do pobrania\u00a0<a href=\"http:\/\/www.lgddobregminy.pl\/wp-content\/uploads\/2026\/01\/ZMIENIONE_Wytyczne_szczegolowe_LEADER_18.12.2025.pdf\">pod linkiem<\/a><\/p>\n\n\n\n<p>4.&nbsp; Wytyczne w zakresie niekt\u00f3rych zasad dokonywania wyboru operacji lub grantobiorc\u00f3w przez lokalne grupy dzia\u0142ania&nbsp;<a href=\"http:\/\/www.lgddobregminy.pl\/wp-content\/uploads\/2025\/10\/Wytyczne_w_zakresie_niektorych_zasad_dokonywania_wyboru_operacji_lub_grantobiorcow_przez_lokalne_grupy_dzialania-2.pdf\" target=\"_blank\" rel=\"noreferrer noopener\">pod linkiem<\/a><\/p>\n\n\n\n<p>5. Wytyczne szczeg\u00f3\u0142owe w zakresie przygotowania i realizacji projekt\u00f3w grantowych w ramach Planu Strategicznego dla&nbsp;Wsp\u00f3lnej Polityki Rolnej na lata 2023-2027 &#8211; dokument do pobrania pod&nbsp;<a href=\"http:\/\/www.lgddobregminy.pl\/wp-content\/uploads\/2025\/10\/wytyczne-granty-nowe.pdf\" target=\"_blank\" rel=\"noreferrer noopener\">linkiem<\/a><\/p>\n\n\n\n<p>6. Procedury oceny i wyboru wniosk\u00f3w o przyznanie pomocy &#8211; dokument do pobrania pod <a href=\"http:\/\/www.lgddobregminy.pl\/wp-content\/uploads\/2025\/12\/procedura-konkursowa-PS-WPR-z-05.09.2025.pdf\">linkiem<\/a><\/p>\n\n\n\n<p>7. Procedura ustalania niebudz\u0105cych w\u0105tpliwo\u015bci interpretacyjnych kryteri\u00f3w wyboru operacji &#8211; dokument do pobrania pod <a href=\"http:\/\/www.lgddobregminy.pl\/wp-content\/uploads\/2025\/12\/Procedura-ustalania-niebudzacych.pdf\">linkiem<\/a><\/p>\n\n\n\n<p>7. Ksi\u0119ga wizualizacji &#8211; dokument do pobrania pod <a href=\"http:\/\/www.lgddobregminy.pl\/wp-content\/uploads\/2025\/10\/Ksiega_Wizualizacji_logo_PS_WPR_obowiazuje_od_28_kwietnia_2025-2.pdf\">linkiem<\/a><\/p>\n","protected":false},"excerpt":{"rendered":"<p>1. Jednolity tekst ustawy z dnia 20 lutego 2015 r. o rozwoju lokalnym z udzia\u0142em lokalnej spo\u0142eczno\u015bci &#8211; dokument do pobrania&nbsp;pod linkiem 2. Wytyczne podstawowe w zakresie pomocy finansowej w ramach Planu Strategicznego dla Wsp\u00f3lnej Polityki Rolnej na lata 2023-2027 &#8211; dokument do pobrania\u00a0pod linkiem 3.\u00a0Wytyczne szczeg\u00f3\u0142owe wdra\u017canie LSR \u2013&#8230;<\/p>\n<p> <a class=\"continue-reading-link\" href=\"https:\/\/www.lgddobregminy.pl\/index.php\/wytyczne-ps-wpr\/\"><span>Czytaj dalej<\/span><i class=\"crycon-right-dir\"><\/i><\/a> <\/p>\n","protected":false},"author":1,"featured_media":0,"parent":0,"menu_order":0,"comment_status":"closed","ping_status":"closed","template":"","meta":{"footnotes":""},"class_list":["post-755","page","type-page","status-publish","hentry"],"yoast_head":"<!-- This site is optimized with the Yoast SEO plugin v27.2 - https:\/\/yoast.com\/product\/yoast-seo-wordpress\/ -->\n<title>Wytyczne PS WPR - LGD Dobre Gminy<\/title>\n<meta name=\"robots\" content=\"index, follow, max-snippet:-1, max-image-preview:large, max-video-preview:-1\" \/>\n<link rel=\"canonical\" href=\"https:\/\/www.lgddobregminy.pl\/index.php\/wytyczne-ps-wpr\/\" \/>\n<meta property=\"og:locale\" content=\"pl_PL\" \/>\n<meta property=\"og:type\" content=\"article\" \/>\n<meta property=\"og:title\" content=\"Wytyczne PS WPR - LGD Dobre Gminy\" \/>\n<meta property=\"og:description\" content=\"1. Jednolity tekst ustawy z dnia 20 lutego 2015 r. o rozwoju lokalnym z udzia\u0142em lokalnej spo\u0142eczno\u015bci &#8211; dokument do pobrania&nbsp;pod linkiem 2. Wytyczne podstawowe w zakresie pomocy finansowej w ramach Planu Strategicznego dla Wsp\u00f3lnej Polityki Rolnej na lata 2023-2027 &#8211; dokument do pobrania\u00a0pod linkiem 3.\u00a0Wytyczne szczeg\u00f3\u0142owe wdra\u017canie LSR \u2013... Czytaj dalej\" \/>\n<meta property=\"og:url\" content=\"https:\/\/www.lgddobregminy.pl\/index.php\/wytyczne-ps-wpr\/\" \/>\n<meta property=\"og:site_name\" content=\"LGD Dobre Gminy\" \/>\n<meta property=\"article:modified_time\" content=\"2026-01-21T10:22:44+00:00\" \/>\n<meta name=\"twitter:card\" content=\"summary_large_image\" \/>\n<meta name=\"twitter:label1\" content=\"Szacowany czas czytania\" \/>\n\t<meta name=\"twitter:data1\" content=\"1 minuta\" \/>\n<script type=\"application\/ld+json\" class=\"yoast-schema-graph\">{\"@context\":\"https:\/\/schema.org\",\"@graph\":[{\"@type\":\"WebPage\",\"@id\":\"https:\/\/www.lgddobregminy.pl\/index.php\/wytyczne-ps-wpr\/\",\"url\":\"https:\/\/www.lgddobregminy.pl\/index.php\/wytyczne-ps-wpr\/\",\"name\":\"Wytyczne PS WPR - LGD Dobre Gminy\",\"isPartOf\":{\"@id\":\"https:\/\/www.lgddobregminy.pl\/#website\"},\"datePublished\":\"2025-10-09T08:33:25+00:00\",\"dateModified\":\"2026-01-21T10:22:44+00:00\",\"breadcrumb\":{\"@id\":\"https:\/\/www.lgddobregminy.pl\/index.php\/wytyczne-ps-wpr\/#breadcrumb\"},\"inLanguage\":\"pl-PL\",\"potentialAction\":[{\"@type\":\"ReadAction\",\"target\":[\"https:\/\/www.lgddobregminy.pl\/index.php\/wytyczne-ps-wpr\/\"]}]},{\"@type\":\"BreadcrumbList\",\"@id\":\"https:\/\/www.lgddobregminy.pl\/index.php\/wytyczne-ps-wpr\/#breadcrumb\",\"itemListElement\":[{\"@type\":\"ListItem\",\"position\":1,\"name\":\"Strona g\u0142\u00f3wna\",\"item\":\"https:\/\/www.lgddobregminy.pl\/\"},{\"@type\":\"ListItem\",\"position\":2,\"name\":\"Wytyczne PS WPR\"}]},{\"@type\":\"WebSite\",\"@id\":\"https:\/\/www.lgddobregminy.pl\/#website\",\"url\":\"https:\/\/www.lgddobregminy.pl\/\",\"name\":\"LGD Dobre Gminy\",\"description\":\"\",\"potentialAction\":[{\"@type\":\"SearchAction\",\"target\":{\"@type\":\"EntryPoint\",\"urlTemplate\":\"https:\/\/www.lgddobregminy.pl\/?s={search_term_string}\"},\"query-input\":{\"@type\":\"PropertyValueSpecification\",\"valueRequired\":true,\"valueName\":\"search_term_string\"}}],\"inLanguage\":\"pl-PL\"}]}<\/script>\n<!-- \/ Yoast SEO plugin. -->","yoast_head_json":{"title":"Wytyczne PS WPR - LGD Dobre Gminy","robots":{"index":"index","follow":"follow","max-snippet":"max-snippet:-1","max-image-preview":"max-image-preview:large","max-video-preview":"max-video-preview:-1"},"canonical":"https:\/\/www.lgddobregminy.pl\/index.php\/wytyczne-ps-wpr\/","og_locale":"pl_PL","og_type":"article","og_title":"Wytyczne PS WPR - LGD Dobre Gminy","og_description":"1. Jednolity tekst ustawy z dnia 20 lutego 2015 r. o rozwoju lokalnym z udzia\u0142em lokalnej spo\u0142eczno\u015bci &#8211; dokument do pobrania&nbsp;pod linkiem 2. Wytyczne podstawowe w zakresie pomocy finansowej w ramach Planu Strategicznego dla Wsp\u00f3lnej Polityki Rolnej na lata 2023-2027 &#8211; dokument do pobrania\u00a0pod linkiem 3.\u00a0Wytyczne szczeg\u00f3\u0142owe wdra\u017canie LSR \u2013... Czytaj dalej","og_url":"https:\/\/www.lgddobregminy.pl\/index.php\/wytyczne-ps-wpr\/","og_site_name":"LGD Dobre Gminy","article_modified_time":"2026-01-21T10:22:44+00:00","twitter_card":"summary_large_image","twitter_misc":{"Szacowany czas czytania":"1 minuta"},"schema":{"@context":"https:\/\/schema.org","@graph":[{"@type":"WebPage","@id":"https:\/\/www.lgddobregminy.pl\/index.php\/wytyczne-ps-wpr\/","url":"https:\/\/www.lgddobregminy.pl\/index.php\/wytyczne-ps-wpr\/","name":"Wytyczne PS WPR - LGD Dobre Gminy","isPartOf":{"@id":"https:\/\/www.lgddobregminy.pl\/#website"},"datePublished":"2025-10-09T08:33:25+00:00","dateModified":"2026-01-21T10:22:44+00:00","breadcrumb":{"@id":"https:\/\/www.lgddobregminy.pl\/index.php\/wytyczne-ps-wpr\/#breadcrumb"},"inLanguage":"pl-PL","potentialAction":[{"@type":"ReadAction","target":["https:\/\/www.lgddobregminy.pl\/index.php\/wytyczne-ps-wpr\/"]}]},{"@type":"BreadcrumbList","@id":"https:\/\/www.lgddobregminy.pl\/index.php\/wytyczne-ps-wpr\/#breadcrumb","itemListElement":[{"@type":"ListItem","position":1,"name":"Strona g\u0142\u00f3wna","item":"https:\/\/www.lgddobregminy.pl\/"},{"@type":"ListItem","position":2,"name":"Wytyczne PS WPR"}]},{"@type":"WebSite","@id":"https:\/\/www.lgddobregminy.pl\/#website","url":"https:\/\/www.lgddobregminy.pl\/","name":"LGD Dobre Gminy","description":"","potentialAction":[{"@type":"SearchAction","target":{"@type":"EntryPoint","urlTemplate":"https:\/\/www.lgddobregminy.pl\/?s={search_term_string}"},"query-input":{"@type":"PropertyValueSpecification","valueRequired":true,"valueName":"search_term_string"}}],"inLanguage":"pl-PL"}]}},"_links":{"self":[{"href":"https:\/\/www.lgddobregminy.pl\/index.php\/wp-json\/wp\/v2\/pages\/755","targetHints":{"allow":["GET"]}}],"collection":[{"href":"https:\/\/www.lgddobregminy.pl\/index.php\/wp-json\/wp\/v2\/pages"}],"about":[{"href":"https:\/\/www.lgddobregminy.pl\/index.php\/wp-json\/wp\/v2\/types\/page"}],"author":[{"embeddable":true,"href":"https:\/\/www.lgddobregminy.pl\/index.php\/wp-json\/wp\/v2\/users\/1"}],"replies":[{"embeddable":true,"href":"https:\/\/www.lgddobregminy.pl\/index.php\/wp-json\/wp\/v2\/comments?post=755"}],"version-history":[{"count":5,"href":"https:\/\/www.lgddobregminy.pl\/index.php\/wp-json\/wp\/v2\/pages\/755\/revisions"}],"predecessor-version":[{"id":959,"href":"https:\/\/www.lgddobregminy.pl\/index.php\/wp-json\/wp\/v2\/pages\/755\/revisions\/959"}],"wp:attachment":[{"href":"https:\/\/www.lgddobregminy.pl\/index.php\/wp-json\/wp\/v2\/media?parent=755"}],"curies":[{"name":"wp","href":"https:\/\/api.w.org\/{rel}","templated":true}]}}