{"id":775,"date":"2025-10-09T10:48:55","date_gmt":"2025-10-09T08:48:55","guid":{"rendered":"https:\/\/www.lgddobregminy.pl\/?page_id=775"},"modified":"2026-04-08T13:25:40","modified_gmt":"2026-04-08T11:25:40","slug":"rozwoj-dzialalnosci-gospodarczej","status":"publish","type":"page","link":"https:\/\/www.lgddobregminy.pl\/index.php\/rozwoj-dzialalnosci-gospodarczej\/","title":{"rendered":"Rozw\u00f3j dzia\u0142alno\u015bci gospodarczej"},"content":{"rendered":"\n<p><em>Nab\u00f3r 27.10.2025 &#8211; 10.11.2025<\/em><\/p>\n\n\n\n<p class=\"has-vivid-red-color has-text-color has-link-color wp-elements-c0025110fb2ac8868a78849db26850d4\"><strong>Nab\u00f3r zamkni\u0119ty!<\/strong><\/p>\n\n\n\n<p><a href=\"http:\/\/www.lgddobregminy.pl\/wp-content\/uploads\/2026\/04\/protokol-Rada-17.11.2025.pdf\">protok\u00f3\u0142 z posiedzenia Rady z dnia 17.11.2025<\/a><\/p>\n\n\n\n<p><a href=\"http:\/\/www.lgddobregminy.pl\/wp-content\/uploads\/2026\/04\/protokol-Rady-z-dnia-16.12.2026-z-zalacznikami.pdf\">protok\u00f3\u0142 z posiedzenia Rady z dnia 16.12.2025<\/a><\/p>\n\n\n\n<p><a href=\"http:\/\/www.lgddobregminy.pl\/wp-content\/uploads\/2026\/01\/lista-operacji-spelniajacych-warunki-udzielenia-wsparcia-ROZWOJ-1.pdf\">lista operacji spe\u0142niaj\u0105cych warunki udzielenia wsparcia<\/a><\/p>\n\n\n\n<p><a href=\"http:\/\/www.lgddobregminy.pl\/wp-content\/uploads\/2026\/01\/lista-operacji-wybranych-ROZWOJ-1.pdf\">lista operacji wybranych do dofinansowania<\/a><\/p>\n\n\n\n<p class=\"has-text-align-left\"><a href=\"https:\/\/www.lgddobregminy.pl\/index.php\/2025\/10\/09\/ogloszenie-o-naborze-wnioskow-o-wsparcie-nr-3-2025-rozwojdg\/\"><strong>OG\u0141OSZENIE O&nbsp;NABORZE WNIOSK\u00d3W O&nbsp;WSPARCIE NR 3\/2025<\/strong>\/<strong>rozw\u00f3jDG<\/strong><\/a> &#8211; kliknij<\/p>\n\n\n\n<p class=\"has-text-align-left\"><strong>w zakresie:&nbsp;ROZWIJANIE DZIA\u0141ALNO\u015aCI GOSPODARCZEJ <\/strong><\/p>\n\n\n\n<p class=\"has-text-align-left\"><strong>Numer naboru z&nbsp;<\/strong>&nbsp;<strong>portalu epue.arimr.gov.pl:<\/strong>&nbsp;&nbsp;<strong>597307<\/strong><\/p>\n\n\n\n<p>Jak znale\u017a\u0107 w\u0142a\u015bciwy nab\u00f3r w systemie PUE ARiMR \u2013 patrz&nbsp;<a href=\"https:\/\/www.lgddobregminy.pl\/index.php\/2025\/07\/25\/poradnik-dla-wnioskodawcy\/\">TUTAJ<\/a><\/p>\n\n\n\n<p><strong>P 3.2 Rozw\u00f3j przedsi\u0119biorczo\u015bci<\/strong><br><a href=\"http:\/\/www.lgddobregminy.pl\/wp-content\/uploads\/2025\/06\/WARUNKI-WSPARCIA-ROZWOJ-DG.pdf\">ZAKRES WSPARCIA<\/a><\/p>\n","protected":false},"excerpt":{"rendered":"<p>Nab\u00f3r 27.10.2025 &#8211; 10.11.2025 Nab\u00f3r zamkni\u0119ty! protok\u00f3\u0142 z posiedzenia Rady z dnia 17.11.2025 protok\u00f3\u0142 z posiedzenia Rady z dnia 16.12.2025 lista operacji spe\u0142niaj\u0105cych warunki udzielenia wsparcia lista operacji wybranych do dofinansowania OG\u0141OSZENIE O&nbsp;NABORZE WNIOSK\u00d3W O&nbsp;WSPARCIE NR 3\/2025\/rozw\u00f3jDG &#8211; kliknij w zakresie:&nbsp;ROZWIJANIE DZIA\u0141ALNO\u015aCI GOSPODARCZEJ Numer naboru z&nbsp;&nbsp;portalu epue.arimr.gov.pl:&nbsp;&nbsp;597307 Jak znale\u017a\u0107 w\u0142a\u015bciwy&#8230;<\/p>\n<p> <a class=\"continue-reading-link\" href=\"https:\/\/www.lgddobregminy.pl\/index.php\/rozwoj-dzialalnosci-gospodarczej\/\"><span>Czytaj dalej<\/span><i class=\"crycon-right-dir\"><\/i><\/a> <\/p>\n","protected":false},"author":1,"featured_media":0,"parent":0,"menu_order":0,"comment_status":"closed","ping_status":"closed","template":"","meta":{"footnotes":""},"class_list":["post-775","page","type-page","status-publish","hentry"],"yoast_head":"<!-- This site is optimized with the Yoast SEO plugin v27.2 - https:\/\/yoast.com\/product\/yoast-seo-wordpress\/ -->\n<title>Rozw\u00f3j dzia\u0142alno\u015bci gospodarczej - LGD Dobre Gminy<\/title>\n<meta name=\"robots\" content=\"index, follow, max-snippet:-1, max-image-preview:large, max-video-preview:-1\" \/>\n<link rel=\"canonical\" href=\"https:\/\/www.lgddobregminy.pl\/index.php\/rozwoj-dzialalnosci-gospodarczej\/\" \/>\n<meta property=\"og:locale\" content=\"pl_PL\" \/>\n<meta property=\"og:type\" content=\"article\" \/>\n<meta property=\"og:title\" content=\"Rozw\u00f3j dzia\u0142alno\u015bci gospodarczej - LGD Dobre Gminy\" \/>\n<meta property=\"og:description\" content=\"Nab\u00f3r 27.10.2025 &#8211; 10.11.2025 Nab\u00f3r zamkni\u0119ty! protok\u00f3\u0142 z posiedzenia Rady z dnia 17.11.2025 protok\u00f3\u0142 z posiedzenia Rady z dnia 16.12.2025 lista operacji spe\u0142niaj\u0105cych warunki udzielenia wsparcia lista operacji wybranych do dofinansowania OG\u0141OSZENIE O&nbsp;NABORZE WNIOSK\u00d3W O&nbsp;WSPARCIE NR 3\/2025\/rozw\u00f3jDG &#8211; kliknij w zakresie:&nbsp;ROZWIJANIE DZIA\u0141ALNO\u015aCI GOSPODARCZEJ Numer naboru z&nbsp;&nbsp;portalu epue.arimr.gov.pl:&nbsp;&nbsp;597307 Jak znale\u017a\u0107 w\u0142a\u015bciwy... Czytaj dalej\" \/>\n<meta property=\"og:url\" content=\"https:\/\/www.lgddobregminy.pl\/index.php\/rozwoj-dzialalnosci-gospodarczej\/\" \/>\n<meta property=\"og:site_name\" content=\"LGD Dobre Gminy\" \/>\n<meta property=\"article:modified_time\" content=\"2026-04-08T11:25:40+00:00\" \/>\n<meta name=\"twitter:card\" content=\"summary_large_image\" \/>\n<meta name=\"twitter:label1\" content=\"Szacowany czas czytania\" \/>\n\t<meta name=\"twitter:data1\" content=\"1 minuta\" \/>\n<script type=\"application\/ld+json\" class=\"yoast-schema-graph\">{\"@context\":\"https:\/\/schema.org\",\"@graph\":[{\"@type\":\"WebPage\",\"@id\":\"https:\/\/www.lgddobregminy.pl\/index.php\/rozwoj-dzialalnosci-gospodarczej\/\",\"url\":\"https:\/\/www.lgddobregminy.pl\/index.php\/rozwoj-dzialalnosci-gospodarczej\/\",\"name\":\"Rozw\u00f3j dzia\u0142alno\u015bci gospodarczej - LGD Dobre Gminy\",\"isPartOf\":{\"@id\":\"https:\/\/www.lgddobregminy.pl\/#website\"},\"datePublished\":\"2025-10-09T08:48:55+00:00\",\"dateModified\":\"2026-04-08T11:25:40+00:00\",\"breadcrumb\":{\"@id\":\"https:\/\/www.lgddobregminy.pl\/index.php\/rozwoj-dzialalnosci-gospodarczej\/#breadcrumb\"},\"inLanguage\":\"pl-PL\",\"potentialAction\":[{\"@type\":\"ReadAction\",\"target\":[\"https:\/\/www.lgddobregminy.pl\/index.php\/rozwoj-dzialalnosci-gospodarczej\/\"]}]},{\"@type\":\"BreadcrumbList\",\"@id\":\"https:\/\/www.lgddobregminy.pl\/index.php\/rozwoj-dzialalnosci-gospodarczej\/#breadcrumb\",\"itemListElement\":[{\"@type\":\"ListItem\",\"position\":1,\"name\":\"Strona g\u0142\u00f3wna\",\"item\":\"https:\/\/www.lgddobregminy.pl\/\"},{\"@type\":\"ListItem\",\"position\":2,\"name\":\"Rozw\u00f3j dzia\u0142alno\u015bci gospodarczej\"}]},{\"@type\":\"WebSite\",\"@id\":\"https:\/\/www.lgddobregminy.pl\/#website\",\"url\":\"https:\/\/www.lgddobregminy.pl\/\",\"name\":\"LGD Dobre Gminy\",\"description\":\"\",\"potentialAction\":[{\"@type\":\"SearchAction\",\"target\":{\"@type\":\"EntryPoint\",\"urlTemplate\":\"https:\/\/www.lgddobregminy.pl\/?s={search_term_string}\"},\"query-input\":{\"@type\":\"PropertyValueSpecification\",\"valueRequired\":true,\"valueName\":\"search_term_string\"}}],\"inLanguage\":\"pl-PL\"}]}<\/script>\n<!-- \/ Yoast SEO plugin. -->","yoast_head_json":{"title":"Rozw\u00f3j dzia\u0142alno\u015bci gospodarczej - LGD Dobre Gminy","robots":{"index":"index","follow":"follow","max-snippet":"max-snippet:-1","max-image-preview":"max-image-preview:large","max-video-preview":"max-video-preview:-1"},"canonical":"https:\/\/www.lgddobregminy.pl\/index.php\/rozwoj-dzialalnosci-gospodarczej\/","og_locale":"pl_PL","og_type":"article","og_title":"Rozw\u00f3j dzia\u0142alno\u015bci gospodarczej - LGD Dobre Gminy","og_description":"Nab\u00f3r 27.10.2025 &#8211; 10.11.2025 Nab\u00f3r zamkni\u0119ty! protok\u00f3\u0142 z posiedzenia Rady z dnia 17.11.2025 protok\u00f3\u0142 z posiedzenia Rady z dnia 16.12.2025 lista operacji spe\u0142niaj\u0105cych warunki udzielenia wsparcia lista operacji wybranych do dofinansowania OG\u0141OSZENIE O&nbsp;NABORZE WNIOSK\u00d3W O&nbsp;WSPARCIE NR 3\/2025\/rozw\u00f3jDG &#8211; kliknij w zakresie:&nbsp;ROZWIJANIE DZIA\u0141ALNO\u015aCI GOSPODARCZEJ Numer naboru z&nbsp;&nbsp;portalu epue.arimr.gov.pl:&nbsp;&nbsp;597307 Jak znale\u017a\u0107 w\u0142a\u015bciwy... Czytaj dalej","og_url":"https:\/\/www.lgddobregminy.pl\/index.php\/rozwoj-dzialalnosci-gospodarczej\/","og_site_name":"LGD Dobre Gminy","article_modified_time":"2026-04-08T11:25:40+00:00","twitter_card":"summary_large_image","twitter_misc":{"Szacowany czas czytania":"1 minuta"},"schema":{"@context":"https:\/\/schema.org","@graph":[{"@type":"WebPage","@id":"https:\/\/www.lgddobregminy.pl\/index.php\/rozwoj-dzialalnosci-gospodarczej\/","url":"https:\/\/www.lgddobregminy.pl\/index.php\/rozwoj-dzialalnosci-gospodarczej\/","name":"Rozw\u00f3j dzia\u0142alno\u015bci gospodarczej - LGD Dobre Gminy","isPartOf":{"@id":"https:\/\/www.lgddobregminy.pl\/#website"},"datePublished":"2025-10-09T08:48:55+00:00","dateModified":"2026-04-08T11:25:40+00:00","breadcrumb":{"@id":"https:\/\/www.lgddobregminy.pl\/index.php\/rozwoj-dzialalnosci-gospodarczej\/#breadcrumb"},"inLanguage":"pl-PL","potentialAction":[{"@type":"ReadAction","target":["https:\/\/www.lgddobregminy.pl\/index.php\/rozwoj-dzialalnosci-gospodarczej\/"]}]},{"@type":"BreadcrumbList","@id":"https:\/\/www.lgddobregminy.pl\/index.php\/rozwoj-dzialalnosci-gospodarczej\/#breadcrumb","itemListElement":[{"@type":"ListItem","position":1,"name":"Strona g\u0142\u00f3wna","item":"https:\/\/www.lgddobregminy.pl\/"},{"@type":"ListItem","position":2,"name":"Rozw\u00f3j dzia\u0142alno\u015bci gospodarczej"}]},{"@type":"WebSite","@id":"https:\/\/www.lgddobregminy.pl\/#website","url":"https:\/\/www.lgddobregminy.pl\/","name":"LGD Dobre Gminy","description":"","potentialAction":[{"@type":"SearchAction","target":{"@type":"EntryPoint","urlTemplate":"https:\/\/www.lgddobregminy.pl\/?s={search_term_string}"},"query-input":{"@type":"PropertyValueSpecification","valueRequired":true,"valueName":"search_term_string"}}],"inLanguage":"pl-PL"}]}},"_links":{"self":[{"href":"https:\/\/www.lgddobregminy.pl\/index.php\/wp-json\/wp\/v2\/pages\/775","targetHints":{"allow":["GET"]}}],"collection":[{"href":"https:\/\/www.lgddobregminy.pl\/index.php\/wp-json\/wp\/v2\/pages"}],"about":[{"href":"https:\/\/www.lgddobregminy.pl\/index.php\/wp-json\/wp\/v2\/types\/page"}],"author":[{"embeddable":true,"href":"https:\/\/www.lgddobregminy.pl\/index.php\/wp-json\/wp\/v2\/users\/1"}],"replies":[{"embeddable":true,"href":"https:\/\/www.lgddobregminy.pl\/index.php\/wp-json\/wp\/v2\/comments?post=775"}],"version-history":[{"count":7,"href":"https:\/\/www.lgddobregminy.pl\/index.php\/wp-json\/wp\/v2\/pages\/775\/revisions"}],"predecessor-version":[{"id":1063,"href":"https:\/\/www.lgddobregminy.pl\/index.php\/wp-json\/wp\/v2\/pages\/775\/revisions\/1063"}],"wp:attachment":[{"href":"https:\/\/www.lgddobregminy.pl\/index.php\/wp-json\/wp\/v2\/media?parent=775"}],"curies":[{"name":"wp","href":"https:\/\/api.w.org\/{rel}","templated":true}]}}